{"id":30,"date":"2023-06-23T14:31:40","date_gmt":"2023-06-23T14:31:40","guid":{"rendered":"https:\/\/baltinvest.pl\/mi9\/?page_id=30"},"modified":"2025-07-21T07:30:41","modified_gmt":"2025-07-21T07:30:41","slug":"rodo","status":"publish","type":"page","link":"https:\/\/baltinvest.pl\/mi9\/rodo\/","title":{"rendered":"Ochrona danych osobowych"},"content":{"rendered":"\t\t<div data-elementor-type=\"wp-page\" data-elementor-id=\"30\" class=\"elementor elementor-30\" data-elementor-post-type=\"page\">\n\t\t\t\t\t\t<section class=\"elementor-section elementor-top-section elementor-element elementor-element-6c642861 elementor-section-boxed elementor-section-height-default elementor-section-height-default\" data-id=\"6c642861\" data-element_type=\"section\">\n\t\t\t\t\t\t<div class=\"elementor-container elementor-column-gap-default\">\n\t\t\t\t\t<div class=\"elementor-column elementor-col-100 elementor-top-column elementor-element elementor-element-696c47f0\" data-id=\"696c47f0\" data-element_type=\"column\">\n\t\t\t<div class=\"elementor-widget-wrap elementor-element-populated\">\n\t\t\t\t\t\t<div class=\"elementor-element elementor-element-d1a2480 elementor-widget elementor-widget-text-editor\" data-id=\"d1a2480\" data-element_type=\"widget\" data-widget_type=\"text-editor.default\">\n\t\t\t\t<div class=\"elementor-widget-container\">\n\t\t\t\t\t\t\t\t\t<h1>Informacja dot. przetwarzania danych osobowych<\/h1>\n<p>Zgodnie z art. 13 ust. 1 i ust. 2 Rozporz\u0105dzenia Parlamentu Europejskiego i Rady (UE) 2016\/679 z dnia 27 kwietnia 2016 r. w sprawie ochrony os\u00f3b fizycznych w zwi\u0105zku z przetwarzaniem danych osobowych i w sprawie swobodnego przep\u0142ywu takich danych oraz uchylenia dyrektywy 95\/46\/WE (og\u00f3lne rozporz\u0105dzenie o ochronie danych, dalej jako RODO) (Dz. U. UE. L. z 2016 r. Nr 119, z p\u00f3\u017an. zm.), informujemy, i\u017c:<\/p>\n<h5><strong>1.&nbsp;&nbsp;&nbsp;&nbsp;&nbsp;&nbsp; <\/strong><strong>Administrator danych osobowych<\/strong><\/h5>\n<h5>Administratorem Pani\/Pana danych osobowych jest AVA Development Sp. z o.o., ul. Mielczarskiego 9 \/ U1, 91-067&nbsp;\u0141\u00f3d\u017a. Z Administratorem mo\u017ce si\u0119 Pani\/Pan skontaktowa\u0107 si\u0119 poprzez adres e-mail:&nbsp;rodo@mi9.pl, telefonicznie:&nbsp;+48&nbsp;604&nbsp;283 364 lub pisemnie na adres korespondencyjny Administratora.<\/h5>\n<h5><strong>2.&nbsp;&nbsp;&nbsp;&nbsp;&nbsp;&nbsp; <\/strong><strong>Administrator przetwarza dane:<\/strong><\/h5>\n<ul>\n<li>klient\u00f3w;<\/li>\n<li>kontrahent\u00f3w oraz os\u00f3b ich reprezentuj\u0105cych wsp\u00f3\u0142pracuj\u0105cych z Administratorem na<\/li>\n<\/ul>\n<p>podstawie um\u00f3w cywilnoprawnych.<\/p>\n<h5><strong>3.&nbsp;&nbsp;&nbsp;&nbsp;&nbsp;&nbsp; <\/strong><strong>Cele i podstawy prawne przetwarzania<\/strong><\/h5>\n<p>Pani\/Pana dane osobowe s\u0105 przetwarzane na podstawie obowi\u0105zuj\u0105cych przepis\u00f3w prawa, zawartych um\u00f3w, prawnie uzasadnionych interes\u00f3w Administratora.<\/p>\n<p>Pani\/Pana dane osobowe przetwarzane s\u0105 w celach:<\/p>\n<ol>\n<li>wype\u0142nienia obowi\u0105zk\u00f3w prawnych ci\u0105\u017c\u0105cych na Administratorze w trybie art. 6 ust. 1 lit. c RODO;<\/li>\n<li>realizacji um\u00f3w zawartych z kontrahentami oraz klientami (w tym ofertowanie i realizacja sprzeda\u017cy produkt\u00f3w i\/lub us\u0142ug), a tak\u017ce obs\u0142ugi posprzeda\u017cowej (np. obs\u0142uga reklamacji), w trybie art. 6 ust. 1 lit. b RODO;<\/li>\n<li>marketingu produkt\u00f3w i\/lub us\u0142ug, ewentualnego ustalenia, dochodzenia lub obrony przed roszczeniami, co stanowi o zgodnym z prawem przetwarzaniu Pani\/Pana danych osobowych zgodnie z art. 6 ust. 1 lit. f RODO.<\/li>\n<\/ol>\n<p>Pani\/Pana dane osobowe s\u0105 przetwarzane przez Administratora w zakresie niezb\u0119dnym do realizacji cel\u00f3w okre\u015blonych w przepisach prawa, w szczeg\u00f3lno\u015bci w:<\/p>\n<ul>\n<li>ustawie z dnia 23 kwietnia 1964 r. &#8211; Kodeks cywilny,<\/li>\n<li>ustawie z dnia 21 sierpnia 1997 r. o gospodarce nieruchomo\u015bciami,<\/li>\n<li>ustawie z dnia z dnia 20 maja 2021 r. o ochronie praw nabywcy lokalu mieszkalnego lub domu jednorodzinnego oraz Deweloperskim Funduszu Gwarancyjnym,<\/li>\n<li>ustawie z dnia 12 lipca 2024 r. \u2013 Prawo komunikacji elektronicznej.<\/li>\n<\/ul>\n<h5><strong>4.&nbsp;&nbsp;&nbsp;&nbsp;&nbsp;&nbsp; <\/strong><strong>Okres przetwarzania danych <\/strong><\/h5>\n<p>Pani\/Pana dane osobowe b\u0119d\u0105 przechowywane przez okres niezb\u0119dny do realizacji cel\u00f3w okre\u015blonych w ust. 3, a po tym czasie przez okres oraz w zakresie wymaganym przez przepisy powszechnie obowi\u0105zuj\u0105cego prawa.<\/p>\n<h5><strong>5.&nbsp;&nbsp;&nbsp;&nbsp;&nbsp;&nbsp; <\/strong><strong>Odbiorcy danych<\/strong><\/h5>\n<p>Pani\/Pana dane osobowe mog\u0105 by\u0107 udost\u0119pniane innym podmiotom, je\u017celi obowi\u0105zek taki b\u0119dzie wynika\u0107 z przepis\u00f3w prawa.<\/p>\n<p>Do Pani\/Pana danych mog\u0105 te\u017c mie\u0107 dost\u0119p podmioty przetwarzaj\u0105ce dane w imieniu Administratora, np. podmiot prowadz\u0105cy dzia\u0142ania marketingowe oraz sprzeda\u017cowe, podmiot \u015bwiadcz\u0105cy us\u0142ug\u0119 hostingu poczty elektronicznej, podmioty \u015bwiadcz\u0105ce us\u0142ugi IT, audytorskie, us\u0142ugi archiwizacji, niszczenia, przewo\u017cenia i przechowywania dokumentacji, podmiot dostarczaj\u0105cy oprogramowanie do obs\u0142ugi Klient\u00f3w, jak r\u00f3wnie\u017c inni administratorzy danych osobowych przetwarzaj\u0105cy dane we w\u0142asnym imieniu, np. podmioty prowadz\u0105ce dzia\u0142alno\u015b\u0107 pocztow\u0105 lub kuriersk\u0105 oraz \u015bwiadcz\u0105ce obs\u0142ug\u0119 prawn\u0105.<\/p>\n<h5><strong>6.&nbsp;&nbsp;&nbsp;&nbsp;&nbsp;&nbsp; <\/strong><strong>Prawa os\u00f3b, kt\u00f3rych dane dotycz\u0105:<\/strong><\/h5>\n<p>Zgodnie z RODO przys\u0142uguje Pani\/Panu prawo do:<\/p>\n<ol>\n<li>dost\u0119pu do swoich danych osobowych oraz otrzymania ich kopii \u2013 ka\u017cda osoba, kt\u00f3rej dane przetwarzamy jest uprawniona do uzyskania informacji o swoich danych osobowych zgodnie z art. 15 RODO;<\/li>\n<li>sprostowania (poprawiania) swoich danych osobowych \u2013 w przypadku, gdy dane osobowe przetwarzane przez Administratora s\u0105 nieprawid\u0142owe lub niekompletne to ka\u017cda osoba, kt\u00f3rej dane dotycz\u0105 mo\u017ce \u017c\u0105da\u0107 odpowiednio ich poprawienia lub uzupe\u0142nienia zgodnie z art. 16 RODO;<\/li>\n<li>usuni\u0119cia danych osobowych \u2013 je\u017celi Administrator przetwarza\u0142by dane osobowe w spos\u00f3b niezgodny z prawem, zgodnie z art. 17 RODO;<\/li>\n<li>ograniczenia przetwarzania danych osobowych \u2013 z wa\u017cnych przyczyn, np.: kwestionowanie legalno\u015bci przetwarzania danych osobowych, zgodnie z art. 18 RODO;<\/li><li>wniesienia sprzeciwu wobec przetwarzania danych osobowych \u2013 je\u017celi osoba, kt\u00f3rej dane dotycz\u0105 uwa\u017ca, \u017ce Administrator nie ma prawa przetwarza\u0107 jej danych osobowych, mo\u017ce wnie\u015b\u0107 sprzeciw, zgodnie z art. 21 RODO.<\/li>\n<\/ol>\n<p>Je\u017celi chce Pani\/Pan skorzysta\u0107 z kt\u00f3regokolwiek z tych uprawnie\u0144 prosimy o kontakt poprzez adres e-mail: <a href=\"mailto:rodo@mi9.pl\">rodo@mi9.pl<\/a> lub pisemnie na adres korespondencyjny Administratora.<\/p>\n<p>Przys\u0142uguje Pani\/Panu prawo wniesienia skargi do organu nadzorczego na niezgodne z RODO przetwarzanie Pani\/Panu danych osobowych. Organem w\u0142a\u015bciwym dla ww. skargi jest: Prezes Urz\u0119du Ochrony Danych Osobowych.<\/p>\n<h5><strong>7.&nbsp;&nbsp;&nbsp;&nbsp;&nbsp;&nbsp; <\/strong><strong>Informacja o wymogu\/dobrowolno\u015bci podania danych osobowych<\/strong><\/h5>\n<p>Szczeg\u00f3\u0142owe informacje o wymogu\/dobrowolno\u015bci podania danych osobowych Administrator przedstawia w informacjach o przetwarzaniu danych osobowych dedykowanych poszczeg\u00f3lnym czynno\u015bciom przetwarzania.<\/p>\t\t\t\t\t\t\t\t<\/div>\n\t\t\t\t<\/div>\n\t\t\t\t\t<\/div>\n\t\t<\/div>\n\t\t\t\t\t<\/div>\n\t\t<\/section>\n\t\t\t\t<section class=\"elementor-section elementor-top-section elementor-element elementor-element-75d7ed0 elementor-section-boxed elementor-section-height-default elementor-section-height-default\" data-id=\"75d7ed0\" data-element_type=\"section\">\n\t\t\t\t\t\t\t<div class=\"elementor-background-overlay\"><\/div>\n\t\t\t\t\t\t\t<div class=\"elementor-container elementor-column-gap-no\">\n\t\t\t\t\t<div class=\"elementor-column elementor-col-100 elementor-top-column elementor-element elementor-element-1c4419b9\" data-id=\"1c4419b9\" data-element_type=\"column\">\n\t\t\t<div class=\"elementor-widget-wrap elementor-element-populated\">\n\t\t\t\t\t\t<div class=\"elementor-element elementor-element-3c76e54e elementor-widget elementor-widget-heading\" data-id=\"3c76e54e\" data-element_type=\"widget\" data-widget_type=\"heading.default\">\n\t\t\t\t<div class=\"elementor-widget-container\">\n\t\t\t\t\t<h2 class=\"elementor-heading-title elementor-size-default\">MASZ PYTANIA? NAPISZ DO NAS<\/h2>\t\t\t\t<\/div>\n\t\t\t\t<\/div>\n\t\t\t\t\t<\/div>\n\t\t<\/div>\n\t\t\t\t\t<\/div>\n\t\t<\/section>\n\t\t\t\t<section class=\"elementor-section elementor-top-section elementor-element elementor-element-511c0654 elementor-section-boxed elementor-section-height-default elementor-section-height-default\" data-id=\"511c0654\" data-element_type=\"section\" data-settings=\"{&quot;background_background&quot;:&quot;classic&quot;}\">\n\t\t\t\t\t\t<div class=\"elementor-container elementor-column-gap-default\">\n\t\t\t\t\t<div class=\"elementor-column elementor-col-100 elementor-top-column elementor-element elementor-element-27c60328\" data-id=\"27c60328\" data-element_type=\"column\">\n\t\t\t<div class=\"elementor-widget-wrap elementor-element-populated\">\n\t\t\t\t\t\t<div class=\"elementor-element elementor-element-e1277cd premium-cf7-button-fwidth-yes elementor-widget elementor-widget-premium-contact-form\" data-id=\"e1277cd\" data-element_type=\"widget\" data-widget_type=\"premium-contact-form.default\">\n\t\t\t\t<div class=\"elementor-widget-container\">\n\t\t\t\t\t\n\t\t\t\n\t\t\t<div class=\"premium-cf7-container\" data-settings=\"{&quot;fields_glass&quot;:&quot;none&quot;,&quot;submit_glass&quot;:&quot;none&quot;}\">\n\t\t\t\t\n<div class=\"wpcf7 no-js\" id=\"wpcf7-f2720-o1\" lang=\"pl-PL\" dir=\"ltr\" data-wpcf7-id=\"2720\">\n<div class=\"screen-reader-response\"><p role=\"status\" aria-live=\"polite\" aria-atomic=\"true\"><\/p> <ul><\/ul><\/div>\n<form action=\"\/mi9\/wp-json\/wp\/v2\/pages\/30#wpcf7-f2720-o1\" method=\"post\" class=\"wpcf7-form init\" aria-label=\"Formularz kontaktowy\" novalidate=\"novalidate\" data-status=\"init\">\n<fieldset class=\"hidden-fields-container\"><input type=\"hidden\" name=\"_wpcf7\" value=\"2720\" \/><input type=\"hidden\" name=\"_wpcf7_version\" value=\"6.1.4\" \/><input type=\"hidden\" name=\"_wpcf7_locale\" value=\"pl_PL\" \/><input type=\"hidden\" name=\"_wpcf7_unit_tag\" value=\"wpcf7-f2720-o1\" \/><input type=\"hidden\" name=\"_wpcf7_container_post\" value=\"0\" \/><input type=\"hidden\" name=\"_wpcf7_posted_data_hash\" value=\"\" \/><input type=\"hidden\" name=\"_wpcf7_recaptcha_response\" value=\"\" \/>\n<\/fieldset>\n<div class=\"row-form\">\n<input class=\"wpcf7-form-control wpcf7-hidden\" id=\"utm_source\" value=\"\" type=\"hidden\" name=\"utm_source\" \/>\n\t<div class=\"col-1\">\n\t\t<p><span class=\"wpcf7-form-control-wrap\" data-name=\"imie\"><input size=\"40\" maxlength=\"400\" class=\"wpcf7-form-control wpcf7-text wpcf7-validates-as-required f-text input-bottom-line\" aria-required=\"true\" aria-invalid=\"false\" placeholder=\"Imi\u0119 i nazwisko\" value=\"\" type=\"text\" name=\"imie\" \/><\/span>\n\t\t<\/p>\n\t<\/div>\n\t<div class=\"col-2\">\n\t\t<p><span class=\"wpcf7-form-control-wrap\" data-name=\"email\"><input size=\"40\" maxlength=\"400\" class=\"wpcf7-form-control wpcf7-email wpcf7-validates-as-required wpcf7-text wpcf7-validates-as-email f-email input-bottom-line\" aria-required=\"true\" aria-invalid=\"false\" placeholder=\"E-mail\" value=\"\" type=\"email\" name=\"email\" \/><\/span>\n\t\t<\/p>\n\t<\/div>\n\t<div class=\"col-2\">\n\t\t<p><span class=\"wpcf7-form-control-wrap\" data-name=\"tel\"><input size=\"40\" maxlength=\"400\" class=\"wpcf7-form-control wpcf7-tel wpcf7-validates-as-required wpcf7-text wpcf7-validates-as-tel f-phone input-bottom-line\" aria-required=\"true\" aria-invalid=\"false\" placeholder=\"Telefon\" value=\"\" type=\"tel\" name=\"tel\" \/><\/span>\n\t\t<\/p>\n\t<\/div>\n\t<div class=\"col-1\">\n\t\t<p><span class=\"wpcf7-form-control-wrap\" data-name=\"tresc\"><textarea cols=\"40\" rows=\"10\" maxlength=\"2000\" class=\"wpcf7-form-control wpcf7-textarea wpcf7-validates-as-required\" aria-required=\"true\" aria-invalid=\"false\" placeholder=\"Twoja wiadomo\u015b\u0107...\" name=\"tresc\"><\/textarea><\/span>\n\t\t<\/p>\n\t<\/div>\n\t<div class=\"col-1\">\n\t\t<div class=\"checkbox-box zd\">\n\t\t\t<div class=\"check-link\">\n\t\t\t\t<p><span class=\"wpcf7-form-control-wrap\" data-name=\"acceptance-pp\"><span class=\"wpcf7-form-control wpcf7-acceptance\"><span class=\"wpcf7-list-item\"><label><input type=\"checkbox\" name=\"acceptance-pp\" value=\"1\" aria-invalid=\"false\" \/><span class=\"wpcf7-list-item-label\">O\u015bwiadczam, \u017ce zapozna\u0142em si\u0119 z <a href=\"https:\/\/baltinvest.pl\/mi9\/polityka-prywatnosci\/\">Polityk\u0105 prywatno\u015bci<\/a><\/span><\/label><\/span><\/span><\/span>\n\t\t\t\t<\/p>\n\t\t\t<\/div>\n\t\t\t<div class=\"check-link\">\n\t\t\t\t<p><span class=\"wpcf7-form-control-wrap\" data-name=\"acceptance-rodo\"><span class=\"wpcf7-form-control wpcf7-acceptance\"><span class=\"wpcf7-list-item\"><label><input type=\"checkbox\" name=\"acceptance-rodo\" value=\"1\" aria-invalid=\"false\" \/><span class=\"wpcf7-list-item-label\">Wyra\u017cam zgod\u0119 na u\u017cywanie przez AVA Development Sp. z o.o. telekomunikacyjnych urz\u0105dze\u0144 ko\u0144cowych, kt\u00f3rych jestem u\u017cytkownikiem, dla cel\u00f3w przesy\u0142ania informacji handlowej, w tym marketingu bezpo\u015bredniego zgodnie z art. 398 ustawy z dnia 12 lipca 2024 r. - Prawo komunikacji elektronicznej (Dz.U. 2024 poz. 1221). W imieniu AVA Development Sp. z o.o. i na jej zlecenie, dzia\u0142ania marketingowe i sprzeda\u017cowe prowadzi\u0107 b\u0119dzie Balt Invest Sp. z o.o.<\/span><\/label><\/span><\/span><\/span>\n\t\t\t\t<\/p>\n\t\t\t<\/div>\n\t\t\t<p><a href=\"https:\/\/baltinvest.pl\/mi9\/wp-content\/uploads\/2025\/07\/Informacja-dot-przerwarzania.pdf\">Je\u017celi chcesz zapozna\u0107 si\u0119 z tre\u015bci\u0105 informacji o przetwarzaniu danych osobowych kliknij na ten napis.<\/a>\n\t\t\t<\/p>\n\t\t<\/div>\n\t<\/div>\n\t<div class=\"col-1\">\n\t\t<p><input class=\"wpcf7-form-control wpcf7-submit has-spinner\" type=\"submit\" value=\"wy\u015blij wiadomo\u015b\u0107\" \/>\n\t\t<\/p>\n\t<\/div>\n<\/div><p style=\"display: none !important;\" class=\"akismet-fields-container\" data-prefix=\"_wpcf7_ak_\"><label>&#916;<textarea name=\"_wpcf7_ak_hp_textarea\" cols=\"45\" rows=\"8\" maxlength=\"100\"><\/textarea><\/label><input type=\"hidden\" id=\"ak_js_1\" name=\"_wpcf7_ak_js\" value=\"0\"\/><script>document.getElementById( \"ak_js_1\" ).setAttribute( \"value\", ( new Date() ).getTime() );<\/script><\/p><div class=\"wpcf7-response-output\" aria-hidden=\"true\"><\/div>\n<\/form>\n<\/div>\n\t\t\t<\/div>\n\n\t\t\t\t\t\t\t<\/div>\n\t\t\t\t<\/div>\n\t\t\t\t\t<\/div>\n\t\t<\/div>\n\t\t\t\t\t<\/div>\n\t\t<\/section>\n\t\t\t\t<section class=\"elementor-section elementor-top-section elementor-element elementor-element-5de01150 elementor-section-boxed elementor-section-height-default elementor-section-height-default\" data-id=\"5de01150\" data-element_type=\"section\">\n\t\t\t\t\t\t\t<div class=\"elementor-background-overlay\"><\/div>\n\t\t\t\t\t\t\t<div class=\"elementor-container elementor-column-gap-no\">\n\t\t\t\t\t<div class=\"elementor-column elementor-col-100 elementor-top-column elementor-element elementor-element-479d02d3\" data-id=\"479d02d3\" data-element_type=\"column\">\n\t\t\t<div class=\"elementor-widget-wrap elementor-element-populated\">\n\t\t\t\t\t\t<div class=\"elementor-element elementor-element-1f576518 elementor-widget elementor-widget-heading\" data-id=\"1f576518\" data-element_type=\"widget\" data-widget_type=\"heading.default\">\n\t\t\t\t<div class=\"elementor-widget-container\">\n\t\t\t\t\t<h2 class=\"elementor-heading-title elementor-size-default\">LUB ZADZWO\u0143<\/h2>\t\t\t\t<\/div>\n\t\t\t\t<\/div>\n\t\t\t\t<div class=\"elementor-element elementor-element-335713c7 elementor-widget elementor-widget-heading\" data-id=\"335713c7\" data-element_type=\"widget\" data-widget_type=\"heading.default\">\n\t\t\t\t<div class=\"elementor-widget-container\">\n\t\t\t\t\t<h2 class=\"elementor-heading-title elementor-size-default\">+48 788 880 058<\/h2>\t\t\t\t<\/div>\n\t\t\t\t<\/div>\n\t\t\t\t\t<\/div>\n\t\t<\/div>\n\t\t\t\t\t<\/div>\n\t\t<\/section>\n\t\t\t\t<\/div>\n\t\t","protected":false},"excerpt":{"rendered":"<p>Informacja dot. przetwarzania danych osobowych Zgodnie z art. 13 ust. 1 i ust. 2 Rozporz\u0105dzenia Parlamentu Europejskiego i Rady (UE) 2016\/679 z dnia 27 kwietnia 2016 r. w sprawie ochrony os\u00f3b fizycznych w zwi\u0105zku z przetwarzaniem danych osobowych i w sprawie swobodnego przep\u0142ywu takich danych oraz uchylenia dyrektywy 95\/46\/WE (og\u00f3lne rozporz\u0105dzenie o ochronie danych, dalej [&hellip;]<\/p>\n","protected":false},"author":6,"featured_media":1886,"parent":0,"menu_order":0,"comment_status":"closed","ping_status":"closed","template":"elementor_header_footer","meta":{"_acf_changed":false,"inline_featured_image":false,"footnotes":""},"class_list":["post-30","page","type-page","status-publish","has-post-thumbnail","hentry"],"acf":[],"yoast_head":"<!-- This site is optimized with the Yoast SEO plugin v26.8 - https:\/\/yoast.com\/product\/yoast-seo-wordpress\/ -->\n<title>Ochrona danych osobowych - BLISKO LUDZI, BLISKO MIASTA - Mieszkania w \u0141odzi<\/title>\n<meta name=\"robots\" content=\"index, follow, max-snippet:-1, max-image-preview:large, max-video-preview:-1\" \/>\n<link rel=\"canonical\" href=\"https:\/\/baltinvest.pl\/mi9\/rodo\/\" \/>\n<meta property=\"og:locale\" content=\"pl_PL\" \/>\n<meta property=\"og:type\" content=\"article\" \/>\n<meta property=\"og:title\" content=\"Ochrona danych osobowych - BLISKO LUDZI, BLISKO MIASTA - Mieszkania w \u0141odzi\" \/>\n<meta property=\"og:description\" content=\"Informacja dot. przetwarzania danych osobowych Zgodnie z art. 13 ust. 1 i ust. 2 Rozporz\u0105dzenia Parlamentu Europejskiego i Rady (UE) 2016\/679 z dnia 27 kwietnia 2016 r. w sprawie ochrony os\u00f3b fizycznych w zwi\u0105zku z przetwarzaniem danych osobowych i w sprawie swobodnego przep\u0142ywu takich danych oraz uchylenia dyrektywy 95\/46\/WE (og\u00f3lne rozporz\u0105dzenie o ochronie danych, dalej [&hellip;]\" \/>\n<meta property=\"og:url\" content=\"https:\/\/baltinvest.pl\/mi9\/rodo\/\" \/>\n<meta property=\"og:site_name\" content=\"BLISKO LUDZI, BLISKO MIASTA - Mieszkania w \u0141odzi\" \/>\n<meta property=\"article:modified_time\" content=\"2025-07-21T07:30:41+00:00\" \/>\n<meta property=\"og:image\" content=\"https:\/\/baltinvest.pl\/mi9\/wp-content\/uploads\/2023\/07\/AnyConv.com__mi9_mieszkania-lodz-3-min-2.webp\" \/>\n\t<meta property=\"og:image:width\" content=\"1922\" \/>\n\t<meta property=\"og:image:height\" content=\"1358\" \/>\n\t<meta property=\"og:image:type\" content=\"image\/webp\" \/>\n<meta name=\"twitter:card\" content=\"summary_large_image\" \/>\n<meta name=\"twitter:label1\" content=\"Szacowany czas czytania\" \/>\n\t<meta name=\"twitter:data1\" content=\"5 minut\" \/>\n<script type=\"application\/ld+json\" class=\"yoast-schema-graph\">{\"@context\":\"https:\/\/schema.org\",\"@graph\":[{\"@type\":\"WebPage\",\"@id\":\"https:\/\/baltinvest.pl\/mi9\/rodo\/\",\"url\":\"https:\/\/baltinvest.pl\/mi9\/rodo\/\",\"name\":\"Ochrona danych osobowych - BLISKO LUDZI, BLISKO MIASTA - Mieszkania w \u0141odzi\",\"isPartOf\":{\"@id\":\"https:\/\/baltinvest.pl\/mi9\/#website\"},\"primaryImageOfPage\":{\"@id\":\"https:\/\/baltinvest.pl\/mi9\/rodo\/#primaryimage\"},\"image\":{\"@id\":\"https:\/\/baltinvest.pl\/mi9\/rodo\/#primaryimage\"},\"thumbnailUrl\":\"https:\/\/baltinvest.pl\/mi9\/wp-content\/uploads\/2023\/07\/AnyConv.com__mi9_mieszkania-lodz-3-min-2.webp\",\"datePublished\":\"2023-06-23T14:31:40+00:00\",\"dateModified\":\"2025-07-21T07:30:41+00:00\",\"breadcrumb\":{\"@id\":\"https:\/\/baltinvest.pl\/mi9\/rodo\/#breadcrumb\"},\"inLanguage\":\"pl-PL\",\"potentialAction\":[{\"@type\":\"ReadAction\",\"target\":[\"https:\/\/baltinvest.pl\/mi9\/rodo\/\"]}]},{\"@type\":\"ImageObject\",\"inLanguage\":\"pl-PL\",\"@id\":\"https:\/\/baltinvest.pl\/mi9\/rodo\/#primaryimage\",\"url\":\"https:\/\/baltinvest.pl\/mi9\/wp-content\/uploads\/2023\/07\/AnyConv.com__mi9_mieszkania-lodz-3-min-2.webp\",\"contentUrl\":\"https:\/\/baltinvest.pl\/mi9\/wp-content\/uploads\/2023\/07\/AnyConv.com__mi9_mieszkania-lodz-3-min-2.webp\",\"width\":1922,\"height\":1358},{\"@type\":\"BreadcrumbList\",\"@id\":\"https:\/\/baltinvest.pl\/mi9\/rodo\/#breadcrumb\",\"itemListElement\":[{\"@type\":\"ListItem\",\"position\":1,\"name\":\"Strona g\u0142\u00f3wna\",\"item\":\"https:\/\/baltinvest.pl\/mi9\/\"},{\"@type\":\"ListItem\",\"position\":2,\"name\":\"Ochrona danych osobowych\"}]},{\"@type\":\"WebSite\",\"@id\":\"https:\/\/baltinvest.pl\/mi9\/#website\",\"url\":\"https:\/\/baltinvest.pl\/mi9\/\",\"name\":\"BLISKO LUDZI, BLISKO MIASTA - Mieszkania w \u0141odzi\",\"description\":\"\",\"potentialAction\":[{\"@type\":\"SearchAction\",\"target\":{\"@type\":\"EntryPoint\",\"urlTemplate\":\"https:\/\/baltinvest.pl\/mi9\/?s={search_term_string}\"},\"query-input\":{\"@type\":\"PropertyValueSpecification\",\"valueRequired\":true,\"valueName\":\"search_term_string\"}}],\"inLanguage\":\"pl-PL\"}]}<\/script>\n<!-- \/ Yoast SEO plugin. -->","yoast_head_json":{"title":"Ochrona danych osobowych - BLISKO LUDZI, BLISKO MIASTA - Mieszkania w \u0141odzi","robots":{"index":"index","follow":"follow","max-snippet":"max-snippet:-1","max-image-preview":"max-image-preview:large","max-video-preview":"max-video-preview:-1"},"canonical":"https:\/\/baltinvest.pl\/mi9\/rodo\/","og_locale":"pl_PL","og_type":"article","og_title":"Ochrona danych osobowych - BLISKO LUDZI, BLISKO MIASTA - Mieszkania w \u0141odzi","og_description":"Informacja dot. przetwarzania danych osobowych Zgodnie z art. 13 ust. 1 i ust. 2 Rozporz\u0105dzenia Parlamentu Europejskiego i Rady (UE) 2016\/679 z dnia 27 kwietnia 2016 r. w sprawie ochrony os\u00f3b fizycznych w zwi\u0105zku z przetwarzaniem danych osobowych i w sprawie swobodnego przep\u0142ywu takich danych oraz uchylenia dyrektywy 95\/46\/WE (og\u00f3lne rozporz\u0105dzenie o ochronie danych, dalej [&hellip;]","og_url":"https:\/\/baltinvest.pl\/mi9\/rodo\/","og_site_name":"BLISKO LUDZI, BLISKO MIASTA - Mieszkania w \u0141odzi","article_modified_time":"2025-07-21T07:30:41+00:00","og_image":[{"width":1922,"height":1358,"url":"https:\/\/baltinvest.pl\/mi9\/wp-content\/uploads\/2023\/07\/AnyConv.com__mi9_mieszkania-lodz-3-min-2.webp","type":"image\/webp"}],"twitter_card":"summary_large_image","twitter_misc":{"Szacowany czas czytania":"5 minut"},"schema":{"@context":"https:\/\/schema.org","@graph":[{"@type":"WebPage","@id":"https:\/\/baltinvest.pl\/mi9\/rodo\/","url":"https:\/\/baltinvest.pl\/mi9\/rodo\/","name":"Ochrona danych osobowych - BLISKO LUDZI, BLISKO MIASTA - Mieszkania w \u0141odzi","isPartOf":{"@id":"https:\/\/baltinvest.pl\/mi9\/#website"},"primaryImageOfPage":{"@id":"https:\/\/baltinvest.pl\/mi9\/rodo\/#primaryimage"},"image":{"@id":"https:\/\/baltinvest.pl\/mi9\/rodo\/#primaryimage"},"thumbnailUrl":"https:\/\/baltinvest.pl\/mi9\/wp-content\/uploads\/2023\/07\/AnyConv.com__mi9_mieszkania-lodz-3-min-2.webp","datePublished":"2023-06-23T14:31:40+00:00","dateModified":"2025-07-21T07:30:41+00:00","breadcrumb":{"@id":"https:\/\/baltinvest.pl\/mi9\/rodo\/#breadcrumb"},"inLanguage":"pl-PL","potentialAction":[{"@type":"ReadAction","target":["https:\/\/baltinvest.pl\/mi9\/rodo\/"]}]},{"@type":"ImageObject","inLanguage":"pl-PL","@id":"https:\/\/baltinvest.pl\/mi9\/rodo\/#primaryimage","url":"https:\/\/baltinvest.pl\/mi9\/wp-content\/uploads\/2023\/07\/AnyConv.com__mi9_mieszkania-lodz-3-min-2.webp","contentUrl":"https:\/\/baltinvest.pl\/mi9\/wp-content\/uploads\/2023\/07\/AnyConv.com__mi9_mieszkania-lodz-3-min-2.webp","width":1922,"height":1358},{"@type":"BreadcrumbList","@id":"https:\/\/baltinvest.pl\/mi9\/rodo\/#breadcrumb","itemListElement":[{"@type":"ListItem","position":1,"name":"Strona g\u0142\u00f3wna","item":"https:\/\/baltinvest.pl\/mi9\/"},{"@type":"ListItem","position":2,"name":"Ochrona danych osobowych"}]},{"@type":"WebSite","@id":"https:\/\/baltinvest.pl\/mi9\/#website","url":"https:\/\/baltinvest.pl\/mi9\/","name":"BLISKO LUDZI, BLISKO MIASTA - Mieszkania w \u0141odzi","description":"","potentialAction":[{"@type":"SearchAction","target":{"@type":"EntryPoint","urlTemplate":"https:\/\/baltinvest.pl\/mi9\/?s={search_term_string}"},"query-input":{"@type":"PropertyValueSpecification","valueRequired":true,"valueName":"search_term_string"}}],"inLanguage":"pl-PL"}]}},"_links":{"self":[{"href":"https:\/\/baltinvest.pl\/mi9\/wp-json\/wp\/v2\/pages\/30","targetHints":{"allow":["GET"]}}],"collection":[{"href":"https:\/\/baltinvest.pl\/mi9\/wp-json\/wp\/v2\/pages"}],"about":[{"href":"https:\/\/baltinvest.pl\/mi9\/wp-json\/wp\/v2\/types\/page"}],"author":[{"embeddable":true,"href":"https:\/\/baltinvest.pl\/mi9\/wp-json\/wp\/v2\/users\/6"}],"replies":[{"embeddable":true,"href":"https:\/\/baltinvest.pl\/mi9\/wp-json\/wp\/v2\/comments?post=30"}],"version-history":[{"count":28,"href":"https:\/\/baltinvest.pl\/mi9\/wp-json\/wp\/v2\/pages\/30\/revisions"}],"predecessor-version":[{"id":3231,"href":"https:\/\/baltinvest.pl\/mi9\/wp-json\/wp\/v2\/pages\/30\/revisions\/3231"}],"wp:featuredmedia":[{"embeddable":true,"href":"https:\/\/baltinvest.pl\/mi9\/wp-json\/wp\/v2\/media\/1886"}],"wp:attachment":[{"href":"https:\/\/baltinvest.pl\/mi9\/wp-json\/wp\/v2\/media?parent=30"}],"curies":[{"name":"wp","href":"https:\/\/api.w.org\/{rel}","templated":true}]}}