{"id":22,"date":"2023-06-23T14:30:57","date_gmt":"2023-06-23T14:30:57","guid":{"rendered":"https:\/\/baltinvest.pl\/mi9\/?page_id=22"},"modified":"2026-01-08T15:28:30","modified_gmt":"2026-01-08T15:28:30","slug":"kontakt","status":"publish","type":"page","link":"https:\/\/baltinvest.pl\/mi9\/kontakt\/","title":{"rendered":"Kontakt"},"content":{"rendered":"\t\t<div data-elementor-type=\"wp-page\" data-elementor-id=\"22\" class=\"elementor elementor-22\" data-elementor-post-type=\"page\">\n\t\t\t\t\t\t<section class=\"elementor-section elementor-top-section elementor-element elementor-element-6b4cf7d7 elementor-section-boxed elementor-section-height-default elementor-section-height-default\" data-id=\"6b4cf7d7\" data-element_type=\"section\" data-settings=\"{&quot;background_background&quot;:&quot;classic&quot;}\">\n\t\t\t\t\t\t\t<div class=\"elementor-background-overlay\"><\/div>\n\t\t\t\t\t\t\t<div class=\"elementor-container elementor-column-gap-no\">\n\t\t\t\t\t<div class=\"elementor-column elementor-col-100 elementor-top-column elementor-element elementor-element-243aa49c\" data-id=\"243aa49c\" data-element_type=\"column\">\n\t\t\t<div class=\"elementor-widget-wrap elementor-element-populated\">\n\t\t\t\t\t\t<section class=\"elementor-section elementor-inner-section elementor-element elementor-element-303508e7 elementor-section-full_width elementor-section-height-default elementor-section-height-default\" data-id=\"303508e7\" data-element_type=\"section\">\n\t\t\t\t\t\t<div class=\"elementor-container elementor-column-gap-no\">\n\t\t\t\t\t<div class=\"elementor-column elementor-col-100 elementor-inner-column elementor-element elementor-element-2412951\" data-id=\"2412951\" data-element_type=\"column\" data-settings=\"{&quot;background_background&quot;:&quot;classic&quot;}\">\n\t\t\t<div class=\"elementor-widget-wrap elementor-element-populated\">\n\t\t\t\t\t\t<div class=\"elementor-element elementor-element-d0f09c2 elementor-widget elementor-widget-heading\" data-id=\"d0f09c2\" data-element_type=\"widget\" data-widget_type=\"heading.default\">\n\t\t\t\t<div class=\"elementor-widget-container\">\n\t\t\t\t\t<h2 class=\"elementor-heading-title elementor-size-default\">ADRES INWESTYCJI<\/h2>\t\t\t\t<\/div>\n\t\t\t\t<\/div>\n\t\t\t\t<div class=\"elementor-element elementor-element-3e68c2b elementor-widget elementor-widget-text-editor\" data-id=\"3e68c2b\" data-element_type=\"widget\" data-widget_type=\"text-editor.default\">\n\t\t\t\t<div class=\"elementor-widget-container\">\n\t\t\t\t\t\t\t\t\t<p>Mieszkania Mi9<br>ul. Mielczarskiego 9<br>91-067 \u0141\u00f3d\u017a<\/p>\t\t\t\t\t\t\t\t<\/div>\n\t\t\t\t<\/div>\n\t\t\t\t<div class=\"elementor-element elementor-element-5d2b08c elementor-widget elementor-widget-heading\" data-id=\"5d2b08c\" data-element_type=\"widget\" data-widget_type=\"heading.default\">\n\t\t\t\t<div class=\"elementor-widget-container\">\n\t\t\t\t\t<h2 class=\"elementor-heading-title elementor-size-default\">biuro sprzeda\u017cy<\/h2>\t\t\t\t<\/div>\n\t\t\t\t<\/div>\n\t\t\t\t<div class=\"elementor-element elementor-element-76b36a0 elementor-widget elementor-widget-text-editor\" data-id=\"76b36a0\" data-element_type=\"widget\" data-widget_type=\"text-editor.default\">\n\t\t\t\t<div class=\"elementor-widget-container\">\n\t\t\t\t\t\t\t\t\t<p>ul. Mielczarskiego 9 lok. 1<\/p><p>91-067 \u0141\u00f3d\u017a<\/p>\t\t\t\t\t\t\t\t<\/div>\n\t\t\t\t<\/div>\n\t\t\t\t<div class=\"elementor-element elementor-element-a553ff7 elementor-widget elementor-widget-heading\" data-id=\"a553ff7\" data-element_type=\"widget\" data-widget_type=\"heading.default\">\n\t\t\t\t<div class=\"elementor-widget-container\">\n\t\t\t\t\t<h2 class=\"elementor-heading-title elementor-size-default\">Godziny pracy<\/h2>\t\t\t\t<\/div>\n\t\t\t\t<\/div>\n\t\t\t\t<div class=\"elementor-element elementor-element-34f47c5 elementor-widget elementor-widget-text-editor\" data-id=\"34f47c5\" data-element_type=\"widget\" data-widget_type=\"text-editor.default\">\n\t\t\t\t<div class=\"elementor-widget-container\">\n\t\t\t\t\t\t\t\t\t<p>poniedzia\u0142ek &#8211; pi\u0105tek:<br \/>09.00 &#8211; 17.00<\/p><p>Poza standardowymi godzinami otwarcia biura, spotkania odbywaj\u0105 si\u0119 w dowolnym terminie &#8211; po wcze\u015bniejszym um\u00f3wieniu si\u0119.<\/p>\t\t\t\t\t\t\t\t<\/div>\n\t\t\t\t<\/div>\n\t\t\t\t<div class=\"elementor-element elementor-element-41ac4d7 elementor-widget elementor-widget-heading\" data-id=\"41ac4d7\" data-element_type=\"widget\" data-widget_type=\"heading.default\">\n\t\t\t\t<div class=\"elementor-widget-container\">\n\t\t\t\t\t<h2 class=\"elementor-heading-title elementor-size-default\">DORADCA KLIENTA<\/h2>\t\t\t\t<\/div>\n\t\t\t\t<\/div>\n\t\t\t\t<div class=\"elementor-element elementor-element-3900025 elementor-widget elementor-widget-text-editor\" data-id=\"3900025\" data-element_type=\"widget\" data-widget_type=\"text-editor.default\">\n\t\t\t\t<div class=\"elementor-widget-container\">\n\t\t\t\t\t\t\t\t\t<p>Eliza B\u0142aszkiewicz<br \/><a href=\"tel:+48789842777\">Tel: +48 789 842 777<\/a><\/p>\t\t\t\t\t\t\t\t<\/div>\n\t\t\t\t<\/div>\n\t\t\t\t\t<\/div>\n\t\t<\/div>\n\t\t\t\t\t<\/div>\n\t\t<\/section>\n\t\t\t\t\t<\/div>\n\t\t<\/div>\n\t\t\t\t\t<\/div>\n\t\t<\/section>\n\t\t\t\t<section class=\"elementor-section elementor-top-section elementor-element elementor-element-7727a6c0 elementor-section-boxed elementor-section-height-default elementor-section-height-default\" data-id=\"7727a6c0\" data-element_type=\"section\">\n\t\t\t\t\t\t\t<div class=\"elementor-background-overlay\"><\/div>\n\t\t\t\t\t\t\t<div class=\"elementor-container elementor-column-gap-no\">\n\t\t\t\t\t<div class=\"elementor-column elementor-col-100 elementor-top-column elementor-element elementor-element-46a12846\" data-id=\"46a12846\" data-element_type=\"column\">\n\t\t\t<div class=\"elementor-widget-wrap elementor-element-populated\">\n\t\t\t\t\t\t<div class=\"elementor-element elementor-element-26d5a0e8 elementor-widget elementor-widget-heading\" data-id=\"26d5a0e8\" data-element_type=\"widget\" data-widget_type=\"heading.default\">\n\t\t\t\t<div class=\"elementor-widget-container\">\n\t\t\t\t\t<h2 class=\"elementor-heading-title elementor-size-default\">MASZ PYTANIA? NAPISZ DO NAS<\/h2>\t\t\t\t<\/div>\n\t\t\t\t<\/div>\n\t\t\t\t\t<\/div>\n\t\t<\/div>\n\t\t\t\t\t<\/div>\n\t\t<\/section>\n\t\t\t\t<section class=\"elementor-section elementor-top-section elementor-element elementor-element-3abc77ea elementor-section-boxed elementor-section-height-default elementor-section-height-default\" data-id=\"3abc77ea\" data-element_type=\"section\" data-settings=\"{&quot;background_background&quot;:&quot;classic&quot;}\">\n\t\t\t\t\t\t<div class=\"elementor-container elementor-column-gap-default\">\n\t\t\t\t\t<div class=\"elementor-column elementor-col-100 elementor-top-column elementor-element elementor-element-45945cbd\" data-id=\"45945cbd\" data-element_type=\"column\">\n\t\t\t<div class=\"elementor-widget-wrap elementor-element-populated\">\n\t\t\t\t\t\t<section class=\"elementor-section elementor-inner-section elementor-element elementor-element-17269e0b elementor-section-full_width elementor-section-height-default elementor-section-height-default\" data-id=\"17269e0b\" data-element_type=\"section\">\n\t\t\t\t\t\t<div class=\"elementor-container elementor-column-gap-default\">\n\t\t\t\t\t<div class=\"elementor-column elementor-col-100 elementor-inner-column elementor-element elementor-element-7d8cbb1d\" data-id=\"7d8cbb1d\" data-element_type=\"column\">\n\t\t\t<div class=\"elementor-widget-wrap elementor-element-populated\">\n\t\t\t\t\t\t<div class=\"elementor-element elementor-element-be3aada premium-cf7-button-fwidth-yes elementor-widget elementor-widget-premium-contact-form\" data-id=\"be3aada\" data-element_type=\"widget\" data-widget_type=\"premium-contact-form.default\">\n\t\t\t\t<div class=\"elementor-widget-container\">\n\t\t\t\t\t\n\t\t\t\n\t\t\t<div class=\"premium-cf7-container\" data-settings=\"{&quot;fields_glass&quot;:&quot;none&quot;,&quot;submit_glass&quot;:&quot;none&quot;}\">\n\t\t\t\t\n<div class=\"wpcf7 no-js\" id=\"wpcf7-f2720-o1\" lang=\"pl-PL\" dir=\"ltr\" data-wpcf7-id=\"2720\">\n<div class=\"screen-reader-response\"><p role=\"status\" aria-live=\"polite\" aria-atomic=\"true\"><\/p> <ul><\/ul><\/div>\n<form action=\"\/mi9\/wp-json\/wp\/v2\/pages\/22#wpcf7-f2720-o1\" method=\"post\" class=\"wpcf7-form init\" aria-label=\"Formularz kontaktowy\" novalidate=\"novalidate\" data-status=\"init\">\n<fieldset class=\"hidden-fields-container\"><input type=\"hidden\" name=\"_wpcf7\" value=\"2720\" \/><input type=\"hidden\" name=\"_wpcf7_version\" value=\"6.1.4\" \/><input type=\"hidden\" name=\"_wpcf7_locale\" value=\"pl_PL\" \/><input type=\"hidden\" name=\"_wpcf7_unit_tag\" value=\"wpcf7-f2720-o1\" \/><input type=\"hidden\" name=\"_wpcf7_container_post\" value=\"0\" \/><input type=\"hidden\" name=\"_wpcf7_posted_data_hash\" value=\"\" \/><input type=\"hidden\" name=\"_wpcf7_recaptcha_response\" value=\"\" \/>\n<\/fieldset>\n<div class=\"row-form\">\n<input class=\"wpcf7-form-control wpcf7-hidden\" id=\"utm_source\" value=\"\" type=\"hidden\" name=\"utm_source\" \/>\n\t<div class=\"col-1\">\n\t\t<p><span class=\"wpcf7-form-control-wrap\" data-name=\"imie\"><input size=\"40\" maxlength=\"400\" class=\"wpcf7-form-control wpcf7-text wpcf7-validates-as-required f-text input-bottom-line\" aria-required=\"true\" aria-invalid=\"false\" placeholder=\"Imi\u0119 i nazwisko\" value=\"\" type=\"text\" name=\"imie\" \/><\/span>\n\t\t<\/p>\n\t<\/div>\n\t<div class=\"col-2\">\n\t\t<p><span class=\"wpcf7-form-control-wrap\" data-name=\"email\"><input size=\"40\" maxlength=\"400\" class=\"wpcf7-form-control wpcf7-email wpcf7-validates-as-required wpcf7-text wpcf7-validates-as-email f-email input-bottom-line\" aria-required=\"true\" aria-invalid=\"false\" placeholder=\"E-mail\" value=\"\" type=\"email\" name=\"email\" \/><\/span>\n\t\t<\/p>\n\t<\/div>\n\t<div class=\"col-2\">\n\t\t<p><span class=\"wpcf7-form-control-wrap\" data-name=\"tel\"><input size=\"40\" maxlength=\"400\" class=\"wpcf7-form-control wpcf7-tel wpcf7-validates-as-required wpcf7-text wpcf7-validates-as-tel f-phone input-bottom-line\" aria-required=\"true\" aria-invalid=\"false\" placeholder=\"Telefon\" value=\"\" type=\"tel\" name=\"tel\" \/><\/span>\n\t\t<\/p>\n\t<\/div>\n\t<div class=\"col-1\">\n\t\t<p><span class=\"wpcf7-form-control-wrap\" data-name=\"tresc\"><textarea cols=\"40\" rows=\"10\" maxlength=\"2000\" class=\"wpcf7-form-control wpcf7-textarea wpcf7-validates-as-required\" aria-required=\"true\" aria-invalid=\"false\" placeholder=\"Twoja wiadomo\u015b\u0107...\" name=\"tresc\"><\/textarea><\/span>\n\t\t<\/p>\n\t<\/div>\n\t<div class=\"col-1\">\n\t\t<div class=\"checkbox-box zd\">\n\t\t\t<div class=\"check-link\">\n\t\t\t\t<p><span class=\"wpcf7-form-control-wrap\" data-name=\"acceptance-pp\"><span class=\"wpcf7-form-control wpcf7-acceptance\"><span class=\"wpcf7-list-item\"><label><input type=\"checkbox\" name=\"acceptance-pp\" value=\"1\" aria-invalid=\"false\" \/><span class=\"wpcf7-list-item-label\">O\u015bwiadczam, \u017ce zapozna\u0142em si\u0119 z <a href=\"https:\/\/baltinvest.pl\/mi9\/polityka-prywatnosci\/\">Polityk\u0105 prywatno\u015bci<\/a><\/span><\/label><\/span><\/span><\/span>\n\t\t\t\t<\/p>\n\t\t\t<\/div>\n\t\t\t<div class=\"check-link\">\n\t\t\t\t<p><span class=\"wpcf7-form-control-wrap\" data-name=\"acceptance-rodo\"><span class=\"wpcf7-form-control wpcf7-acceptance\"><span class=\"wpcf7-list-item\"><label><input type=\"checkbox\" name=\"acceptance-rodo\" value=\"1\" aria-invalid=\"false\" \/><span class=\"wpcf7-list-item-label\">Wyra\u017cam zgod\u0119 na u\u017cywanie przez AVA Development Sp. z o.o. telekomunikacyjnych urz\u0105dze\u0144 ko\u0144cowych, kt\u00f3rych jestem u\u017cytkownikiem, dla cel\u00f3w przesy\u0142ania informacji handlowej, w tym marketingu bezpo\u015bredniego zgodnie z art. 398 ustawy z dnia 12 lipca 2024 r. - Prawo komunikacji elektronicznej (Dz.U. 2024 poz. 1221). W imieniu AVA Development Sp. z o.o. i na jej zlecenie, dzia\u0142ania marketingowe i sprzeda\u017cowe prowadzi\u0107 b\u0119dzie Balt Invest Sp. z o.o.<\/span><\/label><\/span><\/span><\/span>\n\t\t\t\t<\/p>\n\t\t\t<\/div>\n\t\t\t<p><a href=\"https:\/\/baltinvest.pl\/mi9\/wp-content\/uploads\/2025\/07\/Informacja-dot-przerwarzania.pdf\">Je\u017celi chcesz zapozna\u0107 si\u0119 z tre\u015bci\u0105 informacji o przetwarzaniu danych osobowych kliknij na ten napis.<\/a>\n\t\t\t<\/p>\n\t\t<\/div>\n\t<\/div>\n\t<div class=\"col-1\">\n\t\t<p><input class=\"wpcf7-form-control wpcf7-submit has-spinner\" type=\"submit\" value=\"wy\u015blij wiadomo\u015b\u0107\" \/>\n\t\t<\/p>\n\t<\/div>\n<\/div><p style=\"display: none !important;\" class=\"akismet-fields-container\" data-prefix=\"_wpcf7_ak_\"><label>&#916;<textarea name=\"_wpcf7_ak_hp_textarea\" cols=\"45\" rows=\"8\" maxlength=\"100\"><\/textarea><\/label><input type=\"hidden\" id=\"ak_js_1\" name=\"_wpcf7_ak_js\" value=\"52\"\/><script>document.getElementById( \"ak_js_1\" ).setAttribute( \"value\", ( new Date() ).getTime() );<\/script><\/p><div class=\"wpcf7-response-output\" aria-hidden=\"true\"><\/div>\n<\/form>\n<\/div>\n\t\t\t<\/div>\n\n\t\t\t\t\t\t\t<\/div>\n\t\t\t\t<\/div>\n\t\t\t\t\t<\/div>\n\t\t<\/div>\n\t\t\t\t\t<\/div>\n\t\t<\/section>\n\t\t\t\t\t<\/div>\n\t\t<\/div>\n\t\t\t\t\t<\/div>\n\t\t<\/section>\n\t\t\t\t<section class=\"elementor-section elementor-top-section elementor-element elementor-element-2050cc83 elementor-section-boxed elementor-section-height-default elementor-section-height-default\" data-id=\"2050cc83\" data-element_type=\"section\">\n\t\t\t\t\t\t\t<div class=\"elementor-background-overlay\"><\/div>\n\t\t\t\t\t\t\t<div class=\"elementor-container elementor-column-gap-no\">\n\t\t\t\t\t<div class=\"elementor-column elementor-col-100 elementor-top-column elementor-element elementor-element-35c70ae7\" data-id=\"35c70ae7\" data-element_type=\"column\">\n\t\t\t<div class=\"elementor-widget-wrap elementor-element-populated\">\n\t\t\t\t\t\t<div class=\"elementor-element elementor-element-37214cc5 elementor-widget elementor-widget-heading\" data-id=\"37214cc5\" data-element_type=\"widget\" data-widget_type=\"heading.default\">\n\t\t\t\t<div class=\"elementor-widget-container\">\n\t\t\t\t\t<h2 class=\"elementor-heading-title elementor-size-default\">LUB ZADZWO\u0143<\/h2>\t\t\t\t<\/div>\n\t\t\t\t<\/div>\n\t\t\t\t<div class=\"elementor-element elementor-element-821c91b elementor-widget elementor-widget-heading\" data-id=\"821c91b\" data-element_type=\"widget\" data-widget_type=\"heading.default\">\n\t\t\t\t<div class=\"elementor-widget-container\">\n\t\t\t\t\t<h2 class=\"elementor-heading-title elementor-size-default\"><a href=\"tel:+48789842777\">+48 789 842 777<\/a><\/h2>\t\t\t\t<\/div>\n\t\t\t\t<\/div>\n\t\t\t\t\t<\/div>\n\t\t<\/div>\n\t\t\t\t\t<\/div>\n\t\t<\/section>\n\t\t\t\t<\/div>\n\t\t","protected":false},"excerpt":{"rendered":"<p>ADRES INWESTYCJI Mieszkania Mi9ul. Mielczarskiego 991-067 \u0141\u00f3d\u017a biuro sprzeda\u017cy ul. Mielczarskiego 9 lok. 1 91-067 \u0141\u00f3d\u017a Godziny pracy poniedzia\u0142ek &#8211; pi\u0105tek:09.00 &#8211; 17.00 Poza standardowymi godzinami otwarcia biura, spotkania odbywaj\u0105 si\u0119 w dowolnym terminie &#8211; po wcze\u015bniejszym um\u00f3wieniu si\u0119. DORADCA KLIENTA Eliza B\u0142aszkiewiczTel: +48 789 842 777 MASZ PYTANIA? NAPISZ DO NAS O\u015bwiadczam, \u017ce zapozna\u0142em [&hellip;]<\/p>\n","protected":false},"author":6,"featured_media":1886,"parent":0,"menu_order":0,"comment_status":"closed","ping_status":"closed","template":"elementor_header_footer","meta":{"_acf_changed":false,"inline_featured_image":false,"footnotes":""},"class_list":["post-22","page","type-page","status-publish","has-post-thumbnail","hentry"],"acf":[],"yoast_head":"<!-- This site is optimized with the Yoast SEO plugin v26.8 - https:\/\/yoast.com\/product\/yoast-seo-wordpress\/ -->\n<title>Kontakt - BLISKO LUDZI, BLISKO MIASTA - Mieszkania w \u0141odzi<\/title>\n<meta name=\"robots\" content=\"index, follow, max-snippet:-1, max-image-preview:large, max-video-preview:-1\" \/>\n<link rel=\"canonical\" href=\"https:\/\/baltinvest.pl\/mi9\/kontakt\/\" \/>\n<meta property=\"og:locale\" content=\"pl_PL\" \/>\n<meta property=\"og:type\" content=\"article\" \/>\n<meta property=\"og:title\" content=\"Kontakt - BLISKO LUDZI, BLISKO MIASTA - Mieszkania w \u0141odzi\" \/>\n<meta property=\"og:description\" content=\"ADRES INWESTYCJI Mieszkania Mi9ul. Mielczarskiego 991-067 \u0141\u00f3d\u017a biuro sprzeda\u017cy ul. Mielczarskiego 9 lok. 1 91-067 \u0141\u00f3d\u017a Godziny pracy poniedzia\u0142ek &#8211; pi\u0105tek:09.00 &#8211; 17.00 Poza standardowymi godzinami otwarcia biura, spotkania odbywaj\u0105 si\u0119 w dowolnym terminie &#8211; po wcze\u015bniejszym um\u00f3wieniu si\u0119. DORADCA KLIENTA Eliza B\u0142aszkiewiczTel: +48 789 842 777 MASZ PYTANIA? NAPISZ DO NAS O\u015bwiadczam, \u017ce zapozna\u0142em [&hellip;]\" \/>\n<meta property=\"og:url\" content=\"https:\/\/baltinvest.pl\/mi9\/kontakt\/\" \/>\n<meta property=\"og:site_name\" content=\"BLISKO LUDZI, BLISKO MIASTA - Mieszkania w \u0141odzi\" \/>\n<meta property=\"article:modified_time\" content=\"2026-01-08T15:28:30+00:00\" \/>\n<meta property=\"og:image\" content=\"https:\/\/baltinvest.pl\/mi9\/wp-content\/uploads\/2023\/07\/AnyConv.com__mi9_mieszkania-lodz-3-min-2.webp\" \/>\n\t<meta property=\"og:image:width\" content=\"1922\" \/>\n\t<meta property=\"og:image:height\" content=\"1358\" \/>\n\t<meta property=\"og:image:type\" content=\"image\/webp\" \/>\n<meta name=\"twitter:card\" content=\"summary_large_image\" \/>\n<meta name=\"twitter:label1\" content=\"Szacowany czas czytania\" \/>\n\t<meta name=\"twitter:data1\" content=\"1 minuta\" \/>\n<script type=\"application\/ld+json\" class=\"yoast-schema-graph\">{\"@context\":\"https:\/\/schema.org\",\"@graph\":[{\"@type\":\"WebPage\",\"@id\":\"https:\/\/baltinvest.pl\/mi9\/kontakt\/\",\"url\":\"https:\/\/baltinvest.pl\/mi9\/kontakt\/\",\"name\":\"Kontakt - BLISKO LUDZI, BLISKO MIASTA - Mieszkania w \u0141odzi\",\"isPartOf\":{\"@id\":\"https:\/\/baltinvest.pl\/mi9\/#website\"},\"primaryImageOfPage\":{\"@id\":\"https:\/\/baltinvest.pl\/mi9\/kontakt\/#primaryimage\"},\"image\":{\"@id\":\"https:\/\/baltinvest.pl\/mi9\/kontakt\/#primaryimage\"},\"thumbnailUrl\":\"https:\/\/baltinvest.pl\/mi9\/wp-content\/uploads\/2023\/07\/AnyConv.com__mi9_mieszkania-lodz-3-min-2.webp\",\"datePublished\":\"2023-06-23T14:30:57+00:00\",\"dateModified\":\"2026-01-08T15:28:30+00:00\",\"breadcrumb\":{\"@id\":\"https:\/\/baltinvest.pl\/mi9\/kontakt\/#breadcrumb\"},\"inLanguage\":\"pl-PL\",\"potentialAction\":[{\"@type\":\"ReadAction\",\"target\":[\"https:\/\/baltinvest.pl\/mi9\/kontakt\/\"]}]},{\"@type\":\"ImageObject\",\"inLanguage\":\"pl-PL\",\"@id\":\"https:\/\/baltinvest.pl\/mi9\/kontakt\/#primaryimage\",\"url\":\"https:\/\/baltinvest.pl\/mi9\/wp-content\/uploads\/2023\/07\/AnyConv.com__mi9_mieszkania-lodz-3-min-2.webp\",\"contentUrl\":\"https:\/\/baltinvest.pl\/mi9\/wp-content\/uploads\/2023\/07\/AnyConv.com__mi9_mieszkania-lodz-3-min-2.webp\",\"width\":1922,\"height\":1358},{\"@type\":\"BreadcrumbList\",\"@id\":\"https:\/\/baltinvest.pl\/mi9\/kontakt\/#breadcrumb\",\"itemListElement\":[{\"@type\":\"ListItem\",\"position\":1,\"name\":\"Strona g\u0142\u00f3wna\",\"item\":\"https:\/\/baltinvest.pl\/mi9\/\"},{\"@type\":\"ListItem\",\"position\":2,\"name\":\"Kontakt\"}]},{\"@type\":\"WebSite\",\"@id\":\"https:\/\/baltinvest.pl\/mi9\/#website\",\"url\":\"https:\/\/baltinvest.pl\/mi9\/\",\"name\":\"BLISKO LUDZI, BLISKO MIASTA - Mieszkania w \u0141odzi\",\"description\":\"\",\"potentialAction\":[{\"@type\":\"SearchAction\",\"target\":{\"@type\":\"EntryPoint\",\"urlTemplate\":\"https:\/\/baltinvest.pl\/mi9\/?s={search_term_string}\"},\"query-input\":{\"@type\":\"PropertyValueSpecification\",\"valueRequired\":true,\"valueName\":\"search_term_string\"}}],\"inLanguage\":\"pl-PL\"}]}<\/script>\n<!-- \/ Yoast SEO plugin. -->","yoast_head_json":{"title":"Kontakt - BLISKO LUDZI, BLISKO MIASTA - Mieszkania w \u0141odzi","robots":{"index":"index","follow":"follow","max-snippet":"max-snippet:-1","max-image-preview":"max-image-preview:large","max-video-preview":"max-video-preview:-1"},"canonical":"https:\/\/baltinvest.pl\/mi9\/kontakt\/","og_locale":"pl_PL","og_type":"article","og_title":"Kontakt - BLISKO LUDZI, BLISKO MIASTA - Mieszkania w \u0141odzi","og_description":"ADRES INWESTYCJI Mieszkania Mi9ul. Mielczarskiego 991-067 \u0141\u00f3d\u017a biuro sprzeda\u017cy ul. Mielczarskiego 9 lok. 1 91-067 \u0141\u00f3d\u017a Godziny pracy poniedzia\u0142ek &#8211; pi\u0105tek:09.00 &#8211; 17.00 Poza standardowymi godzinami otwarcia biura, spotkania odbywaj\u0105 si\u0119 w dowolnym terminie &#8211; po wcze\u015bniejszym um\u00f3wieniu si\u0119. DORADCA KLIENTA Eliza B\u0142aszkiewiczTel: +48 789 842 777 MASZ PYTANIA? NAPISZ DO NAS O\u015bwiadczam, \u017ce zapozna\u0142em [&hellip;]","og_url":"https:\/\/baltinvest.pl\/mi9\/kontakt\/","og_site_name":"BLISKO LUDZI, BLISKO MIASTA - Mieszkania w \u0141odzi","article_modified_time":"2026-01-08T15:28:30+00:00","og_image":[{"width":1922,"height":1358,"url":"https:\/\/baltinvest.pl\/mi9\/wp-content\/uploads\/2023\/07\/AnyConv.com__mi9_mieszkania-lodz-3-min-2.webp","type":"image\/webp"}],"twitter_card":"summary_large_image","twitter_misc":{"Szacowany czas czytania":"1 minuta"},"schema":{"@context":"https:\/\/schema.org","@graph":[{"@type":"WebPage","@id":"https:\/\/baltinvest.pl\/mi9\/kontakt\/","url":"https:\/\/baltinvest.pl\/mi9\/kontakt\/","name":"Kontakt - BLISKO LUDZI, BLISKO MIASTA - Mieszkania w \u0141odzi","isPartOf":{"@id":"https:\/\/baltinvest.pl\/mi9\/#website"},"primaryImageOfPage":{"@id":"https:\/\/baltinvest.pl\/mi9\/kontakt\/#primaryimage"},"image":{"@id":"https:\/\/baltinvest.pl\/mi9\/kontakt\/#primaryimage"},"thumbnailUrl":"https:\/\/baltinvest.pl\/mi9\/wp-content\/uploads\/2023\/07\/AnyConv.com__mi9_mieszkania-lodz-3-min-2.webp","datePublished":"2023-06-23T14:30:57+00:00","dateModified":"2026-01-08T15:28:30+00:00","breadcrumb":{"@id":"https:\/\/baltinvest.pl\/mi9\/kontakt\/#breadcrumb"},"inLanguage":"pl-PL","potentialAction":[{"@type":"ReadAction","target":["https:\/\/baltinvest.pl\/mi9\/kontakt\/"]}]},{"@type":"ImageObject","inLanguage":"pl-PL","@id":"https:\/\/baltinvest.pl\/mi9\/kontakt\/#primaryimage","url":"https:\/\/baltinvest.pl\/mi9\/wp-content\/uploads\/2023\/07\/AnyConv.com__mi9_mieszkania-lodz-3-min-2.webp","contentUrl":"https:\/\/baltinvest.pl\/mi9\/wp-content\/uploads\/2023\/07\/AnyConv.com__mi9_mieszkania-lodz-3-min-2.webp","width":1922,"height":1358},{"@type":"BreadcrumbList","@id":"https:\/\/baltinvest.pl\/mi9\/kontakt\/#breadcrumb","itemListElement":[{"@type":"ListItem","position":1,"name":"Strona g\u0142\u00f3wna","item":"https:\/\/baltinvest.pl\/mi9\/"},{"@type":"ListItem","position":2,"name":"Kontakt"}]},{"@type":"WebSite","@id":"https:\/\/baltinvest.pl\/mi9\/#website","url":"https:\/\/baltinvest.pl\/mi9\/","name":"BLISKO LUDZI, BLISKO MIASTA - Mieszkania w \u0141odzi","description":"","potentialAction":[{"@type":"SearchAction","target":{"@type":"EntryPoint","urlTemplate":"https:\/\/baltinvest.pl\/mi9\/?s={search_term_string}"},"query-input":{"@type":"PropertyValueSpecification","valueRequired":true,"valueName":"search_term_string"}}],"inLanguage":"pl-PL"}]}},"_links":{"self":[{"href":"https:\/\/baltinvest.pl\/mi9\/wp-json\/wp\/v2\/pages\/22","targetHints":{"allow":["GET"]}}],"collection":[{"href":"https:\/\/baltinvest.pl\/mi9\/wp-json\/wp\/v2\/pages"}],"about":[{"href":"https:\/\/baltinvest.pl\/mi9\/wp-json\/wp\/v2\/types\/page"}],"author":[{"embeddable":true,"href":"https:\/\/baltinvest.pl\/mi9\/wp-json\/wp\/v2\/users\/6"}],"replies":[{"embeddable":true,"href":"https:\/\/baltinvest.pl\/mi9\/wp-json\/wp\/v2\/comments?post=22"}],"version-history":[{"count":96,"href":"https:\/\/baltinvest.pl\/mi9\/wp-json\/wp\/v2\/pages\/22\/revisions"}],"predecessor-version":[{"id":3432,"href":"https:\/\/baltinvest.pl\/mi9\/wp-json\/wp\/v2\/pages\/22\/revisions\/3432"}],"wp:featuredmedia":[{"embeddable":true,"href":"https:\/\/baltinvest.pl\/mi9\/wp-json\/wp\/v2\/media\/1886"}],"wp:attachment":[{"href":"https:\/\/baltinvest.pl\/mi9\/wp-json\/wp\/v2\/media?parent=22"}],"curies":[{"name":"wp","href":"https:\/\/api.w.org\/{rel}","templated":true}]}}