{"id":1518,"date":"2023-07-02T12:05:59","date_gmt":"2023-07-02T12:05:59","guid":{"rendered":"https:\/\/baltinvest.pl\/mi9\/?page_id=1518"},"modified":"2023-07-06T07:54:53","modified_gmt":"2023-07-06T07:54:53","slug":"gdpr","status":"publish","type":"page","link":"https:\/\/baltinvest.pl\/mi9\/en\/gdpr\/","title":{"rendered":"GDPR"},"content":{"rendered":"\t\t<div data-elementor-type=\"wp-page\" data-elementor-id=\"1518\" class=\"elementor elementor-1518\" data-elementor-post-type=\"page\">\n\t\t\t\t\t\t<section class=\"elementor-section elementor-top-section elementor-element elementor-element-6c642861 elementor-section-boxed elementor-section-height-default elementor-section-height-default\" data-id=\"6c642861\" data-element_type=\"section\">\n\t\t\t\t\t\t<div class=\"elementor-container elementor-column-gap-default\">\n\t\t\t\t\t<div class=\"elementor-column elementor-col-100 elementor-top-column elementor-element elementor-element-696c47f0\" data-id=\"696c47f0\" data-element_type=\"column\">\n\t\t\t<div class=\"elementor-widget-wrap elementor-element-populated\">\n\t\t\t\t\t\t<div class=\"elementor-element elementor-element-d1a2480 elementor-widget elementor-widget-text-editor\" data-id=\"d1a2480\" data-element_type=\"widget\" data-widget_type=\"text-editor.default\">\n\t\t\t\t<div class=\"elementor-widget-container\">\n\t\t\t\t\t\t\t\t\t<h3><strong>GDPR<\/strong><\/h3>\n<div>&nbsp;<\/div>\n<p>AVA Development Limited Liability Company with its registered office in \u0141\u00f3d\u017a, at Gliniana 52A, 91-366 \u0141\u00f3d\u017a,, with registration number: REGON 387935096, NIP 7262683989, KRS number 0000877960, takes care of your personal data, therefore, in order to ensure their security, please familiarize yourself with the information clauses regarding their processing provided below, in accordance with Article 13(1) and (2) of the European Parliament and Council Regulation (EU) 2016\/679 of 27 April 2016 on the protection of individuals with regard to the processing of personal data and on the free movement of such data, and repealing Directive 95\/46\/EC (General Data Protection Regulation); (Official Journal of the European Union L 119\/1 of 4 May 2016; hereinafter referred to as &#8222;GDPR&#8221;).<\/p>\n<div>&nbsp;<\/div>\n<p>1. The controller of your personal data is &#8211; AVA Development Limited Liability Company with its registered office in \u0141\u00f3d\u017a, at Gliniana 52A, 91-366 \u0141\u00f3d\u017a,, with registration number: REGON 387935096, NIP 7262683989, KRS number 0000877960 (hereinafter also referred to as &#8222;Company&#8221;).<br>You can contact the Controller:<br>\u00b7 by phone: 788 880 058<br>\u00b7 by email: sprzedaz@mi9.pl<br>\u00b7 by post: AVA Development Limited Liability Company with its registered office in \u0141\u00f3d\u017a, at Gliniana 52A, 91-366 \u0141\u00f3d\u017a,. The Privacy Policy and Information Security Policy are prepared and available in electronic form, as well as in paper form &#8211; at the Administrator&#8217;s office: ul. Ogrodowa 37; 00-873 Warsaw.<\/p>\n<div>&nbsp;<\/div>\n<p><span style=\"font-size: 1rem;\">2. The processing of personal data by the Controller is carried out solely for the purpose of presenting an offer (based on Article 6(1)(a) of the GDPR) or for the performance of a contract to the extent necessary for the provision of services by the Controller (based on Article 6(1)(b) and (c) of the GDPR).<\/span><\/p>\n<div>&nbsp;<\/div>\n<p>3. The recipients of the personal data indicated in point 2 (above) will be:<br>a) The Controller,<br>b) The Controller&#8217;s contractors responsible for administrative support and settlements with the Controller,<br>c) The Controller&#8217;s contractors performing tasks related to the purpose indicated in point 4) and 5) below);<br>d) External entity: \u00b7 PERFEKT01 Accounting Office Limited Liability Company, with its registered office at ul. Przemiarki 23\/24 (postal code: 30-834 Krak\u00f3w) responsible, based on an agreement concluded with the Controller, for accounting services for the Controller; \u00b7 Ewa Ryfa conducting business activity under the name: Ewa Ryfa eTracto, ul. Lirowa 24 lok. 21, 02-387 Warsaw, responsible, based on an agreement concluded with the Controller, for advertising and marketing services for the Controller;<br>f) Entities providing IT services for the Controller;<br>g) The competent tax authority.<\/p>\n<div>&nbsp;<\/div>\n<p>4. Providing your personal data is voluntary but necessary for the performance of a contract in the scope of services provided by the Controller.<\/p>\n<div>&nbsp;<\/div>\n<p>5. The personal data provided by you will be processed for the purpose of direct marketing of products and services of the Controller until you object to their processing for this purpose, withdraw your consent if we processed them based on the so-called marketing consent, or we determine that they have become outdated.<\/p>\n<div>&nbsp;<\/div>\n<p>6. The personal data provided by you will be stored by the Controller for the period required by law in connection with the performance of an offer or a contract in the scope of services provided by the Controller, as well as for the period necessary to fulfill accounting and tax obligations and the potential need to pursue claims arising from a contract for services provided by the Controller.<\/p>\n<div>&nbsp;<\/div>\n<p>7. In connection with the processing of personal data, you have the right to access your data, rectify them, delete them, restrict their processing, the right to data portability, and the right to object to the processing of personal data, as well as the right to withdraw consent to their processing at any time without affecting the lawfulness of the processing carried out on the basis of consent before its withdrawal.<\/p>\n<div>&nbsp;<\/div>\n<p>8. You have the right to lodge a complaint with the President of the Office for Personal Data Protection if you believe that the processing of personal data indicated in point 1 (above) violates the provisions of the GDPR.<\/p>\n<div>&nbsp;<\/div>\n<p>9. You have the right to request information about your personal data and the entities to which it has been disclosed.<\/p>\n<div>&nbsp;<\/div>\n<p>10. The Controller does not transfer personal data to third countries or international organizations.<\/p>\n<div>&nbsp;<\/div>\n<p>11. Personal data will not be processed in an automated manner, including profiling.<br><strong>I confirm that I have received this information and accept its provisions, including the categories of recipients to whom my personal data will be disclosed and the purposes for which they will be used.<\/strong><\/p>\t\t\t\t\t\t\t\t<\/div>\n\t\t\t\t<\/div>\n\t\t\t\t\t<\/div>\n\t\t<\/div>\n\t\t\t\t\t<\/div>\n\t\t<\/section>\n\t\t\t\t<section class=\"elementor-section elementor-top-section elementor-element elementor-element-75d7ed0 elementor-section-boxed elementor-section-height-default elementor-section-height-default\" data-id=\"75d7ed0\" data-element_type=\"section\">\n\t\t\t\t\t\t\t<div class=\"elementor-background-overlay\"><\/div>\n\t\t\t\t\t\t\t<div class=\"elementor-container elementor-column-gap-no\">\n\t\t\t\t\t<div class=\"elementor-column elementor-col-100 elementor-top-column elementor-element elementor-element-1c4419b9\" data-id=\"1c4419b9\" data-element_type=\"column\">\n\t\t\t<div class=\"elementor-widget-wrap elementor-element-populated\">\n\t\t\t\t\t\t<div class=\"elementor-element elementor-element-3c76e54e elementor-widget elementor-widget-heading\" data-id=\"3c76e54e\" data-element_type=\"widget\" data-widget_type=\"heading.default\">\n\t\t\t\t<div class=\"elementor-widget-container\">\n\t\t\t\t\t<h2 class=\"elementor-heading-title elementor-size-default\">Do you have any questions? Write to us.<\/h2>\t\t\t\t<\/div>\n\t\t\t\t<\/div>\n\t\t\t\t\t<\/div>\n\t\t<\/div>\n\t\t\t\t\t<\/div>\n\t\t<\/section>\n\t\t\t\t<section class=\"elementor-section elementor-top-section elementor-element elementor-element-511c0654 elementor-section-boxed elementor-section-height-default elementor-section-height-default\" data-id=\"511c0654\" data-element_type=\"section\" data-settings=\"{&quot;background_background&quot;:&quot;classic&quot;}\">\n\t\t\t\t\t\t<div class=\"elementor-container elementor-column-gap-default\">\n\t\t\t\t\t<div class=\"elementor-column elementor-col-100 elementor-top-column elementor-element elementor-element-27c60328\" data-id=\"27c60328\" data-element_type=\"column\">\n\t\t\t<div class=\"elementor-widget-wrap elementor-element-populated\">\n\t\t\t\t\t\t<div class=\"elementor-element elementor-element-eb98dbe elementor-button-align-stretch elementor-widget elementor-widget-form\" data-id=\"eb98dbe\" data-element_type=\"widget\" data-settings=\"{&quot;step_next_label&quot;:&quot;Nast\\u0119pny&quot;,&quot;step_previous_label&quot;:&quot;Poprzedni&quot;,&quot;button_width&quot;:&quot;100&quot;,&quot;step_type&quot;:&quot;number_text&quot;,&quot;step_icon_shape&quot;:&quot;circle&quot;}\" data-widget_type=\"form.default\">\n\t\t\t\t<div class=\"elementor-widget-container\">\n\t\t\t\t\t\t\t<form class=\"elementor-form\" method=\"post\" name=\"Formularz 1\">\n\t\t\t<input type=\"hidden\" name=\"post_id\" value=\"1518\"\/>\n\t\t\t<input type=\"hidden\" name=\"form_id\" value=\"eb98dbe\"\/>\n\t\t\t<input type=\"hidden\" name=\"referer_title\" value=\"BLISKO LUDZI, BLISKO MIASTA &#8211; Mieszkania w \u0141odzi\" \/>\n\n\t\t\t\n\t\t\t<div class=\"elementor-form-fields-wrapper elementor-labels-above\">\n\t\t\t\t\t\t\t\t<div class=\"elementor-field-type-text elementor-field-group elementor-column elementor-field-group-field_ddb22b7 elementor-col-100 elementor-field-required elementor-mark-required\">\n\t\t\t\t\t\t\t\t\t\t\t\t<label for=\"form-field-field_ddb22b7\" class=\"elementor-field-label\">\n\t\t\t\t\t\t\t\tFirst name and last name\t\t\t\t\t\t\t<\/label>\n\t\t\t\t\t\t\t\t\t\t\t\t\t\t<input size=\"1\" type=\"text\" name=\"form_fields[field_ddb22b7]\" id=\"form-field-field_ddb22b7\" class=\"elementor-field elementor-size-sm  elementor-field-textual\" placeholder=\"First name and last name\" required=\"required\" aria-required=\"true\">\n\t\t\t\t\t\t\t\t\t\t\t<\/div>\n\t\t\t\t\t\t\t\t<div class=\"elementor-field-type-email elementor-field-group elementor-column elementor-field-group-email elementor-col-50 elementor-field-required elementor-mark-required\">\n\t\t\t\t\t\t\t\t\t\t\t\t<label for=\"form-field-email\" class=\"elementor-field-label\">\n\t\t\t\t\t\t\t\tE-mail\t\t\t\t\t\t\t<\/label>\n\t\t\t\t\t\t\t\t\t\t\t\t\t\t<input size=\"1\" type=\"email\" name=\"form_fields[email]\" id=\"form-field-email\" class=\"elementor-field elementor-size-sm  elementor-field-textual\" placeholder=\"Your email\" required=\"required\" aria-required=\"true\">\n\t\t\t\t\t\t\t\t\t\t\t<\/div>\n\t\t\t\t\t\t\t\t<div class=\"elementor-field-type-tel elementor-field-group elementor-column elementor-field-group-field_869498f elementor-col-50 elementor-field-required elementor-mark-required\">\n\t\t\t\t\t\t\t\t\t\t\t\t<label for=\"form-field-field_869498f\" class=\"elementor-field-label\">\n\t\t\t\t\t\t\t\tTelefon\t\t\t\t\t\t\t<\/label>\n\t\t\t\t\t\t\t\t<input size=\"1\" type=\"tel\" name=\"form_fields[field_869498f]\" id=\"form-field-field_869498f\" class=\"elementor-field elementor-size-sm  elementor-field-textual\" placeholder=\"Your phone number\" required=\"required\" aria-required=\"true\" pattern=\"[0-9()#&amp;+*-=.]+\" title=\"Akceptowane s\u0105 jedynie cyfry i znaki telefoniczne (#,-,*).\">\n\n\t\t\t\t\t\t<\/div>\n\t\t\t\t\t\t\t\t<div class=\"elementor-field-type-textarea elementor-field-group elementor-column elementor-field-group-message elementor-col-100\">\n\t\t\t\t\t\t\t\t\t\t\t\t<label for=\"form-field-message\" class=\"elementor-field-label\">\n\t\t\t\t\t\t\t\tMessage content\t\t\t\t\t\t\t<\/label>\n\t\t\t\t\t\t<textarea class=\"elementor-field-textual elementor-field  elementor-size-sm\" name=\"form_fields[message]\" id=\"form-field-message\" rows=\"4\" placeholder=\"Message content\"><\/textarea>\t\t\t\t<\/div>\n\t\t\t\t\t\t\t\t<div class=\"elementor-field-type-acceptance elementor-field-group elementor-column elementor-field-group-field_714cdc3 elementor-col-100 elementor-field-required elementor-mark-required\">\n\t\t\t\t\t\t\t\t\t\t\t\t<label for=\"form-field-field_714cdc3\" class=\"elementor-field-label\">\n\t\t\t\t\t\t\t\tWiadomo\u015b\u0107\t\t\t\t\t\t\t<\/label>\n\t\t\t\t\t\t\t\t<div class=\"elementor-field-subgroup\">\n\t\t\t<span class=\"elementor-field-option\">\n\t\t\t\t<input type=\"checkbox\" name=\"form_fields[field_714cdc3]\" id=\"form-field-field_714cdc3\" class=\"elementor-field elementor-size-sm  elementor-acceptance-field\" required=\"required\" aria-required=\"true\">\n\t\t\t\t<label for=\"form-field-field_714cdc3\">I consent to the processing of the personal data provided by me <a href=\"\/en\/gdpr\/\">more... <\/a>*<\/label>\t\t\t<\/span>\n\t\t<\/div>\n\t\t\t\t\t\t<\/div>\n\t\t\t\t\t\t\t\t<div class=\"elementor-field-type-acceptance elementor-field-group elementor-column elementor-field-group-field_6fc97a3 elementor-col-100 elementor-field-required elementor-mark-required\">\n\t\t\t\t\t\t\t\t\t\t\t\t<label for=\"form-field-field_6fc97a3\" class=\"elementor-field-label\">\n\t\t\t\t\t\t\t\tWiadomo\u015b\u0107\t\t\t\t\t\t\t<\/label>\n\t\t\t\t\t\t\t\t<div class=\"elementor-field-subgroup\">\n\t\t\t<span class=\"elementor-field-option\">\n\t\t\t\t<input type=\"checkbox\" name=\"form_fields[field_6fc97a3]\" id=\"form-field-field_6fc97a3\" class=\"elementor-field elementor-size-sm  elementor-acceptance-field\" required=\"required\" aria-required=\"true\">\n\t\t\t\t<label for=\"form-field-field_6fc97a3\">I declare that I have read and accept the <a href=\"\/privacy-policy\/\">Privacy Policy <\/a>*<\/label>\t\t\t<\/span>\n\t\t<\/div>\n\t\t\t\t\t\t<\/div>\n\t\t\t\t\t\t\t\t<div class=\"elementor-field-type-acceptance elementor-field-group elementor-column elementor-field-group-field_054f18d elementor-col-100 elementor-field-required elementor-mark-required\">\n\t\t\t\t\t\t\t\t\t\t\t\t<label for=\"form-field-field_054f18d\" class=\"elementor-field-label\">\n\t\t\t\t\t\t\t\tWiadomo\u015b\u0107\t\t\t\t\t\t\t<\/label>\n\t\t\t\t\t\t\t\t<div class=\"elementor-field-subgroup\">\n\t\t\t<span class=\"elementor-field-option\">\n\t\t\t\t<input type=\"checkbox\" name=\"form_fields[field_054f18d]\" id=\"form-field-field_054f18d\" class=\"elementor-field elementor-size-sm  elementor-acceptance-field\" required=\"required\" aria-required=\"true\">\n\t\t\t\t<label for=\"form-field-field_054f18d\">I consent to receiving commercial information electronically  <a href=\"\/en\/gdpr\/\">more... <\/a><\/label>\t\t\t<\/span>\n\t\t<\/div>\n\t\t\t\t\t\t<\/div>\n\t\t\t\t\t\t\t\t<div class=\"elementor-field-type-recaptcha_v3 elementor-field-group elementor-column elementor-field-group-field_846705a elementor-col-100 recaptcha_v3-inline\">\n\t\t\t\t\t<div class=\"elementor-field\" id=\"form-field-field_846705a\"><div class=\"elementor-g-recaptcha\" data-sitekey=\"6Ldc3pcpAAAAAI0poaUYpOAdY4c1VxM1alRkCk8e\" data-type=\"v3\" data-action=\"Form\" data-badge=\"inline\" data-size=\"invisible\"><\/div><\/div>\t\t\t\t<\/div>\n\t\t\t\t\t\t\t\t<div class=\"elementor-field-group elementor-column elementor-field-type-submit elementor-col-100 e-form__buttons\">\n\t\t\t\t\t<button type=\"submit\" class=\"elementor-button elementor-size-sm elementor-animation-shrink\">\n\t\t\t\t\t\t<span >\n\t\t\t\t\t\t\t\t\t\t\t\t\t\t\t<span class=\" elementor-button-icon\">\n\t\t\t\t\t\t\t\t\t\t\t\t\t\t\t\t\t\t\t\t\t\t\t\t\t\t<\/span>\n\t\t\t\t\t\t\t\t\t\t\t\t\t\t\t\t\t\t\t\t\t\t<span class=\"elementor-button-text\">Send<\/span>\n\t\t\t\t\t\t\t\t\t\t\t\t\t<\/span>\n\t\t\t\t\t<\/button>\n\t\t\t\t<\/div>\n\t\t\t<\/div>\n\t\t<\/form>\n\t\t\t\t\t\t<\/div>\n\t\t\t\t<\/div>\n\t\t\t\t\t<\/div>\n\t\t<\/div>\n\t\t\t\t\t<\/div>\n\t\t<\/section>\n\t\t\t\t<section class=\"elementor-section elementor-top-section elementor-element elementor-element-5de01150 elementor-section-boxed elementor-section-height-default elementor-section-height-default\" data-id=\"5de01150\" data-element_type=\"section\">\n\t\t\t\t\t\t\t<div class=\"elementor-background-overlay\"><\/div>\n\t\t\t\t\t\t\t<div class=\"elementor-container elementor-column-gap-no\">\n\t\t\t\t\t<div class=\"elementor-column elementor-col-100 elementor-top-column elementor-element elementor-element-479d02d3\" data-id=\"479d02d3\" data-element_type=\"column\">\n\t\t\t<div class=\"elementor-widget-wrap elementor-element-populated\">\n\t\t\t\t\t\t<div class=\"elementor-element elementor-element-1f576518 elementor-widget elementor-widget-heading\" data-id=\"1f576518\" data-element_type=\"widget\" data-widget_type=\"heading.default\">\n\t\t\t\t<div class=\"elementor-widget-container\">\n\t\t\t\t\t<h2 class=\"elementor-heading-title elementor-size-default\">OR CALL<\/h2>\t\t\t\t<\/div>\n\t\t\t\t<\/div>\n\t\t\t\t<div class=\"elementor-element elementor-element-335713c7 elementor-widget elementor-widget-heading\" data-id=\"335713c7\" data-element_type=\"widget\" data-widget_type=\"heading.default\">\n\t\t\t\t<div class=\"elementor-widget-container\">\n\t\t\t\t\t<h2 class=\"elementor-heading-title elementor-size-default\">+48 788 880 058<\/h2>\t\t\t\t<\/div>\n\t\t\t\t<\/div>\n\t\t\t\t\t<\/div>\n\t\t<\/div>\n\t\t\t\t\t<\/div>\n\t\t<\/section>\n\t\t\t\t<\/div>\n\t\t","protected":false},"excerpt":{"rendered":"<p>GDPR &nbsp; AVA Development Limited Liability Company with its registered office in \u0141\u00f3d\u017a, at Gliniana 52A, 91-366 \u0141\u00f3d\u017a,, with registration number: REGON 387935096, NIP 7262683989, KRS number 0000877960, takes care of your personal data, therefore, in order to ensure their security, please familiarize yourself with the information clauses regarding their processing provided below, in accordance [&hellip;]<\/p>\n","protected":false},"author":6,"featured_media":1884,"parent":0,"menu_order":0,"comment_status":"closed","ping_status":"closed","template":"elementor_header_footer","meta":{"_acf_changed":false,"inline_featured_image":false,"footnotes":""},"class_list":["post-1518","page","type-page","status-publish","has-post-thumbnail","hentry"],"acf":[],"yoast_head":"<!-- This site is optimized with the Yoast SEO plugin v26.8 - https:\/\/yoast.com\/product\/yoast-seo-wordpress\/ -->\n<title>GDPR - BLISKO LUDZI, BLISKO MIASTA - Mieszkania w \u0141odzi<\/title>\n<meta name=\"robots\" content=\"index, follow, max-snippet:-1, max-image-preview:large, max-video-preview:-1\" \/>\n<link rel=\"canonical\" href=\"https:\/\/baltinvest.pl\/mi9\/en\/gdpr\/\" \/>\n<meta property=\"og:locale\" content=\"pl_PL\" \/>\n<meta property=\"og:type\" content=\"article\" \/>\n<meta property=\"og:title\" content=\"GDPR - BLISKO LUDZI, BLISKO MIASTA - Mieszkania w \u0141odzi\" \/>\n<meta property=\"og:description\" content=\"GDPR &nbsp; AVA Development Limited Liability Company with its registered office in \u0141\u00f3d\u017a, at Gliniana 52A, 91-366 \u0141\u00f3d\u017a,, with registration number: REGON 387935096, NIP 7262683989, KRS number 0000877960, takes care of your personal data, therefore, in order to ensure their security, please familiarize yourself with the information clauses regarding their processing provided below, in accordance [&hellip;]\" \/>\n<meta property=\"og:url\" content=\"https:\/\/baltinvest.pl\/mi9\/en\/gdpr\/\" \/>\n<meta property=\"og:site_name\" content=\"BLISKO LUDZI, BLISKO MIASTA - Mieszkania w \u0141odzi\" \/>\n<meta property=\"article:modified_time\" content=\"2023-07-06T07:54:53+00:00\" \/>\n<meta property=\"og:image\" content=\"https:\/\/baltinvest.pl\/mi9\/wp-content\/uploads\/2023\/07\/AnyConv.com__mi9_mieszkania-lodz-3-min-1.webp\" \/>\n\t<meta property=\"og:image:width\" content=\"1922\" \/>\n\t<meta property=\"og:image:height\" content=\"1358\" \/>\n\t<meta property=\"og:image:type\" content=\"image\/webp\" \/>\n<meta name=\"twitter:card\" content=\"summary_large_image\" \/>\n<meta name=\"twitter:label1\" content=\"Szacowany czas czytania\" \/>\n\t<meta name=\"twitter:data1\" content=\"5 minut\" \/>\n<script type=\"application\/ld+json\" class=\"yoast-schema-graph\">{\"@context\":\"https:\/\/schema.org\",\"@graph\":[{\"@type\":\"WebPage\",\"@id\":\"https:\/\/baltinvest.pl\/mi9\/en\/gdpr\/\",\"url\":\"https:\/\/baltinvest.pl\/mi9\/en\/gdpr\/\",\"name\":\"GDPR - BLISKO LUDZI, BLISKO MIASTA - Mieszkania w \u0141odzi\",\"isPartOf\":{\"@id\":\"https:\/\/baltinvest.pl\/mi9\/#website\"},\"primaryImageOfPage\":{\"@id\":\"https:\/\/baltinvest.pl\/mi9\/en\/gdpr\/#primaryimage\"},\"image\":{\"@id\":\"https:\/\/baltinvest.pl\/mi9\/en\/gdpr\/#primaryimage\"},\"thumbnailUrl\":\"https:\/\/baltinvest.pl\/mi9\/wp-content\/uploads\/2023\/07\/AnyConv.com__mi9_mieszkania-lodz-3-min-1.webp\",\"datePublished\":\"2023-07-02T12:05:59+00:00\",\"dateModified\":\"2023-07-06T07:54:53+00:00\",\"breadcrumb\":{\"@id\":\"https:\/\/baltinvest.pl\/mi9\/en\/gdpr\/#breadcrumb\"},\"inLanguage\":\"pl-PL\",\"potentialAction\":[{\"@type\":\"ReadAction\",\"target\":[\"https:\/\/baltinvest.pl\/mi9\/en\/gdpr\/\"]}]},{\"@type\":\"ImageObject\",\"inLanguage\":\"pl-PL\",\"@id\":\"https:\/\/baltinvest.pl\/mi9\/en\/gdpr\/#primaryimage\",\"url\":\"https:\/\/baltinvest.pl\/mi9\/wp-content\/uploads\/2023\/07\/AnyConv.com__mi9_mieszkania-lodz-3-min-1.webp\",\"contentUrl\":\"https:\/\/baltinvest.pl\/mi9\/wp-content\/uploads\/2023\/07\/AnyConv.com__mi9_mieszkania-lodz-3-min-1.webp\",\"width\":1922,\"height\":1358},{\"@type\":\"BreadcrumbList\",\"@id\":\"https:\/\/baltinvest.pl\/mi9\/en\/gdpr\/#breadcrumb\",\"itemListElement\":[{\"@type\":\"ListItem\",\"position\":1,\"name\":\"Strona g\u0142\u00f3wna\",\"item\":\"https:\/\/baltinvest.pl\/mi9\/\"},{\"@type\":\"ListItem\",\"position\":2,\"name\":\"GDPR\"}]},{\"@type\":\"WebSite\",\"@id\":\"https:\/\/baltinvest.pl\/mi9\/#website\",\"url\":\"https:\/\/baltinvest.pl\/mi9\/\",\"name\":\"BLISKO LUDZI, BLISKO MIASTA - Mieszkania w \u0141odzi\",\"description\":\"\",\"potentialAction\":[{\"@type\":\"SearchAction\",\"target\":{\"@type\":\"EntryPoint\",\"urlTemplate\":\"https:\/\/baltinvest.pl\/mi9\/?s={search_term_string}\"},\"query-input\":{\"@type\":\"PropertyValueSpecification\",\"valueRequired\":true,\"valueName\":\"search_term_string\"}}],\"inLanguage\":\"pl-PL\"}]}<\/script>\n<!-- \/ Yoast SEO plugin. -->","yoast_head_json":{"title":"GDPR - BLISKO LUDZI, BLISKO MIASTA - Mieszkania w \u0141odzi","robots":{"index":"index","follow":"follow","max-snippet":"max-snippet:-1","max-image-preview":"max-image-preview:large","max-video-preview":"max-video-preview:-1"},"canonical":"https:\/\/baltinvest.pl\/mi9\/en\/gdpr\/","og_locale":"pl_PL","og_type":"article","og_title":"GDPR - BLISKO LUDZI, BLISKO MIASTA - Mieszkania w \u0141odzi","og_description":"GDPR &nbsp; AVA Development Limited Liability Company with its registered office in \u0141\u00f3d\u017a, at Gliniana 52A, 91-366 \u0141\u00f3d\u017a,, with registration number: REGON 387935096, NIP 7262683989, KRS number 0000877960, takes care of your personal data, therefore, in order to ensure their security, please familiarize yourself with the information clauses regarding their processing provided below, in accordance [&hellip;]","og_url":"https:\/\/baltinvest.pl\/mi9\/en\/gdpr\/","og_site_name":"BLISKO LUDZI, BLISKO MIASTA - Mieszkania w \u0141odzi","article_modified_time":"2023-07-06T07:54:53+00:00","og_image":[{"width":1922,"height":1358,"url":"https:\/\/baltinvest.pl\/mi9\/wp-content\/uploads\/2023\/07\/AnyConv.com__mi9_mieszkania-lodz-3-min-1.webp","type":"image\/webp"}],"twitter_card":"summary_large_image","twitter_misc":{"Szacowany czas czytania":"5 minut"},"schema":{"@context":"https:\/\/schema.org","@graph":[{"@type":"WebPage","@id":"https:\/\/baltinvest.pl\/mi9\/en\/gdpr\/","url":"https:\/\/baltinvest.pl\/mi9\/en\/gdpr\/","name":"GDPR - BLISKO LUDZI, BLISKO MIASTA - Mieszkania w \u0141odzi","isPartOf":{"@id":"https:\/\/baltinvest.pl\/mi9\/#website"},"primaryImageOfPage":{"@id":"https:\/\/baltinvest.pl\/mi9\/en\/gdpr\/#primaryimage"},"image":{"@id":"https:\/\/baltinvest.pl\/mi9\/en\/gdpr\/#primaryimage"},"thumbnailUrl":"https:\/\/baltinvest.pl\/mi9\/wp-content\/uploads\/2023\/07\/AnyConv.com__mi9_mieszkania-lodz-3-min-1.webp","datePublished":"2023-07-02T12:05:59+00:00","dateModified":"2023-07-06T07:54:53+00:00","breadcrumb":{"@id":"https:\/\/baltinvest.pl\/mi9\/en\/gdpr\/#breadcrumb"},"inLanguage":"pl-PL","potentialAction":[{"@type":"ReadAction","target":["https:\/\/baltinvest.pl\/mi9\/en\/gdpr\/"]}]},{"@type":"ImageObject","inLanguage":"pl-PL","@id":"https:\/\/baltinvest.pl\/mi9\/en\/gdpr\/#primaryimage","url":"https:\/\/baltinvest.pl\/mi9\/wp-content\/uploads\/2023\/07\/AnyConv.com__mi9_mieszkania-lodz-3-min-1.webp","contentUrl":"https:\/\/baltinvest.pl\/mi9\/wp-content\/uploads\/2023\/07\/AnyConv.com__mi9_mieszkania-lodz-3-min-1.webp","width":1922,"height":1358},{"@type":"BreadcrumbList","@id":"https:\/\/baltinvest.pl\/mi9\/en\/gdpr\/#breadcrumb","itemListElement":[{"@type":"ListItem","position":1,"name":"Strona g\u0142\u00f3wna","item":"https:\/\/baltinvest.pl\/mi9\/"},{"@type":"ListItem","position":2,"name":"GDPR"}]},{"@type":"WebSite","@id":"https:\/\/baltinvest.pl\/mi9\/#website","url":"https:\/\/baltinvest.pl\/mi9\/","name":"BLISKO LUDZI, BLISKO MIASTA - Mieszkania w \u0141odzi","description":"","potentialAction":[{"@type":"SearchAction","target":{"@type":"EntryPoint","urlTemplate":"https:\/\/baltinvest.pl\/mi9\/?s={search_term_string}"},"query-input":{"@type":"PropertyValueSpecification","valueRequired":true,"valueName":"search_term_string"}}],"inLanguage":"pl-PL"}]}},"_links":{"self":[{"href":"https:\/\/baltinvest.pl\/mi9\/wp-json\/wp\/v2\/pages\/1518","targetHints":{"allow":["GET"]}}],"collection":[{"href":"https:\/\/baltinvest.pl\/mi9\/wp-json\/wp\/v2\/pages"}],"about":[{"href":"https:\/\/baltinvest.pl\/mi9\/wp-json\/wp\/v2\/types\/page"}],"author":[{"embeddable":true,"href":"https:\/\/baltinvest.pl\/mi9\/wp-json\/wp\/v2\/users\/6"}],"replies":[{"embeddable":true,"href":"https:\/\/baltinvest.pl\/mi9\/wp-json\/wp\/v2\/comments?post=1518"}],"version-history":[{"count":26,"href":"https:\/\/baltinvest.pl\/mi9\/wp-json\/wp\/v2\/pages\/1518\/revisions"}],"predecessor-version":[{"id":2293,"href":"https:\/\/baltinvest.pl\/mi9\/wp-json\/wp\/v2\/pages\/1518\/revisions\/2293"}],"wp:featuredmedia":[{"embeddable":true,"href":"https:\/\/baltinvest.pl\/mi9\/wp-json\/wp\/v2\/media\/1884"}],"wp:attachment":[{"href":"https:\/\/baltinvest.pl\/mi9\/wp-json\/wp\/v2\/media?parent=1518"}],"curies":[{"name":"wp","href":"https:\/\/api.w.org\/{rel}","templated":true}]}}