{"id":991,"date":"2025-02-26T08:43:19","date_gmt":"2025-02-26T07:43:19","guid":{"rendered":"http:\/\/localhost\/lavieart\/?page_id=991"},"modified":"2025-07-21T09:40:59","modified_gmt":"2025-07-21T07:40:59","slug":"rodo","status":"publish","type":"page","link":"https:\/\/baltinvest.pl\/la-vie-art\/rodo\/","title":{"rendered":"RODO"},"content":{"rendered":"\n<div class=\"block-files\">\n    <div class=\"container\">\n        <div class=\"files\">\n            <h2>Za\u0142\u0105czniki do&nbsp;pobrania<\/h2>\n                                    <table>\n                            <tr>\n                                <td>\n                                    <a href=\"https:\/\/baltinvest.pl\/la-vie-art\/wp-content\/uploads\/2025\/07\/Informacja-dot.-przetwarzania-danych-osobowych-ogolna.pdf\" target=\"_blank\">\n                                        <svg xmlns=\"http:\/\/www.w3.org\/2000\/svg\" width=\"60\" height=\"60\" viewBox=\"0 0 40 40\"><g fill=\"currentColor\"><path d=\"M14.105 20.35c0-.76-.528-1.214-1.459-1.214c-.38 0-.637.037-.772.073v2.441c.16.036.356.049.625.049c.993 0 1.606-.503 1.606-1.349m5.766-1.19c-.417 0-.687.037-.847.074v5.408c.16.037.417.037.65.037c1.692.012 2.796-.92 2.796-2.894c.013-1.717-.993-2.625-2.599-2.625\"\/><path d=\"M30.918 15.983h-.678v-3.271l-.006-.062a.55.55 0 0 0-.131-.359L24.66 6.075l-.004-.004a.57.57 0 0 0-.255-.159l-.03-.01a.5.5 0 0 0-.127-.016H10.867c-.611 0-1.107.497-1.107 1.107v8.99h-.678c-.874 0-1.582.708-1.582 1.582v8.228c0 .873.709 1.582 1.582 1.582h.678v5.633c0 .61.496 1.107 1.107 1.107h18.266c.61 0 1.107-.497 1.107-1.107v-5.633h.678c.874 0 1.582-.709 1.582-1.582v-8.228c0-.874-.709-1.582-1.582-1.582m-20.051-8.99H23.69v5.664c0 .306.248.553.554.553h4.89v2.773H10.867zm13.59 14.73c0 1.582-.576 2.674-1.375 3.348c-.87.723-2.194 1.067-3.813 1.067c-.969 0-1.655-.062-2.122-.122v-8.119c.687-.11 1.582-.171 2.527-.171c1.569 0 2.587.282 3.384.883c.859.637 1.399 1.655 1.399 3.114m-14.436 4.33v-8.156c.576-.098 1.386-.171 2.526-.171c1.153 0 1.975.221 2.526.662c.527.417.882 1.104.882 1.913c0 .81-.269 1.496-.76 1.962c-.638.601-1.582.871-2.686.871c-.245 0-.466-.012-.637-.037v2.956zm19.112 6.655H10.867v-5.333h18.266zm1.604-13.388H27.56v1.889h2.968v1.521H27.56v3.323h-1.875v-8.266h5.052z\"\/><\/g><\/svg>\n                                    <\/a>\n                                <\/td>\n                                <td>\n                                    <a href=\"https:\/\/baltinvest.pl\/la-vie-art\/wp-content\/uploads\/2025\/07\/Informacja-dot.-przetwarzania-danych-osobowych-ogolna.pdf\" target=\"_blank\">\n                                        Informacja dot. przetwarzania danych osobowych                                     <\/a>\n                                <\/td>\n                            <\/tr>\n                        <\/table>\n\n\n\n\n\n                                                <table>\n                            <tr>\n                                <td>\n                                    <a href=\"https:\/\/baltinvest.pl\/la-vie-art\/wp-content\/uploads\/2025\/07\/Informacja-dot.-przetwarzania-danych-osobowych-w-zakresie-przesylania-newslettera.pdf\" target=\"_blank\">\n                                        <svg xmlns=\"http:\/\/www.w3.org\/2000\/svg\" width=\"60\" height=\"60\" viewBox=\"0 0 40 40\"><g fill=\"currentColor\"><path d=\"M14.105 20.35c0-.76-.528-1.214-1.459-1.214c-.38 0-.637.037-.772.073v2.441c.16.036.356.049.625.049c.993 0 1.606-.503 1.606-1.349m5.766-1.19c-.417 0-.687.037-.847.074v5.408c.16.037.417.037.65.037c1.692.012 2.796-.92 2.796-2.894c.013-1.717-.993-2.625-2.599-2.625\"\/><path d=\"M30.918 15.983h-.678v-3.271l-.006-.062a.55.55 0 0 0-.131-.359L24.66 6.075l-.004-.004a.57.57 0 0 0-.255-.159l-.03-.01a.5.5 0 0 0-.127-.016H10.867c-.611 0-1.107.497-1.107 1.107v8.99h-.678c-.874 0-1.582.708-1.582 1.582v8.228c0 .873.709 1.582 1.582 1.582h.678v5.633c0 .61.496 1.107 1.107 1.107h18.266c.61 0 1.107-.497 1.107-1.107v-5.633h.678c.874 0 1.582-.709 1.582-1.582v-8.228c0-.874-.709-1.582-1.582-1.582m-20.051-8.99H23.69v5.664c0 .306.248.553.554.553h4.89v2.773H10.867zm13.59 14.73c0 1.582-.576 2.674-1.375 3.348c-.87.723-2.194 1.067-3.813 1.067c-.969 0-1.655-.062-2.122-.122v-8.119c.687-.11 1.582-.171 2.527-.171c1.569 0 2.587.282 3.384.883c.859.637 1.399 1.655 1.399 3.114m-14.436 4.33v-8.156c.576-.098 1.386-.171 2.526-.171c1.153 0 1.975.221 2.526.662c.527.417.882 1.104.882 1.913c0 .81-.269 1.496-.76 1.962c-.638.601-1.582.871-2.686.871c-.245 0-.466-.012-.637-.037v2.956zm19.112 6.655H10.867v-5.333h18.266zm1.604-13.388H27.56v1.889h2.968v1.521H27.56v3.323h-1.875v-8.266h5.052z\"\/><\/g><\/svg>\n                                    <\/a>\n                                <\/td>\n                                <td>\n                                    <a href=\"https:\/\/baltinvest.pl\/la-vie-art\/wp-content\/uploads\/2025\/07\/Informacja-dot.-przetwarzania-danych-osobowych-w-zakresie-przesylania-newslettera.pdf\" target=\"_blank\">\n                                        Informacja dot. przetwarzania danych osobowych w&nbsp;zakresie przesy\u0142ania newslettera                                    <\/a>\n                                <\/td>\n                            <\/tr>\n                        <\/table>\n\n\n\n\n\n                                                <table>\n                            <tr>\n                                <td>\n                                    <a href=\"https:\/\/baltinvest.pl\/la-vie-art\/wp-content\/uploads\/2025\/07\/Informacja-dot.-przetwarzania-danych-osobowych-w-zakresie-przedstawienia-oferty-handlowej-w-tym-marketingu-bezposredniego.pdf\" target=\"_blank\">\n                                        <svg xmlns=\"http:\/\/www.w3.org\/2000\/svg\" width=\"60\" height=\"60\" viewBox=\"0 0 40 40\"><g fill=\"currentColor\"><path d=\"M14.105 20.35c0-.76-.528-1.214-1.459-1.214c-.38 0-.637.037-.772.073v2.441c.16.036.356.049.625.049c.993 0 1.606-.503 1.606-1.349m5.766-1.19c-.417 0-.687.037-.847.074v5.408c.16.037.417.037.65.037c1.692.012 2.796-.92 2.796-2.894c.013-1.717-.993-2.625-2.599-2.625\"\/><path d=\"M30.918 15.983h-.678v-3.271l-.006-.062a.55.55 0 0 0-.131-.359L24.66 6.075l-.004-.004a.57.57 0 0 0-.255-.159l-.03-.01a.5.5 0 0 0-.127-.016H10.867c-.611 0-1.107.497-1.107 1.107v8.99h-.678c-.874 0-1.582.708-1.582 1.582v8.228c0 .873.709 1.582 1.582 1.582h.678v5.633c0 .61.496 1.107 1.107 1.107h18.266c.61 0 1.107-.497 1.107-1.107v-5.633h.678c.874 0 1.582-.709 1.582-1.582v-8.228c0-.874-.709-1.582-1.582-1.582m-20.051-8.99H23.69v5.664c0 .306.248.553.554.553h4.89v2.773H10.867zm13.59 14.73c0 1.582-.576 2.674-1.375 3.348c-.87.723-2.194 1.067-3.813 1.067c-.969 0-1.655-.062-2.122-.122v-8.119c.687-.11 1.582-.171 2.527-.171c1.569 0 2.587.282 3.384.883c.859.637 1.399 1.655 1.399 3.114m-14.436 4.33v-8.156c.576-.098 1.386-.171 2.526-.171c1.153 0 1.975.221 2.526.662c.527.417.882 1.104.882 1.913c0 .81-.269 1.496-.76 1.962c-.638.601-1.582.871-2.686.871c-.245 0-.466-.012-.637-.037v2.956zm19.112 6.655H10.867v-5.333h18.266zm1.604-13.388H27.56v1.889h2.968v1.521H27.56v3.323h-1.875v-8.266h5.052z\"\/><\/g><\/svg>\n                                    <\/a>\n                                <\/td>\n                                <td>\n                                    <a href=\"https:\/\/baltinvest.pl\/la-vie-art\/wp-content\/uploads\/2025\/07\/Informacja-dot.-przetwarzania-danych-osobowych-w-zakresie-przedstawienia-oferty-handlowej-w-tym-marketingu-bezposredniego.pdf\" target=\"_blank\">\n                                        Informacja dot. przetwarzania danych osobowych w&nbsp;zakresie przedstawienia oferty handlowej, w&nbsp;tym marketingu bezpo\u015bredniego                                    <\/a>\n                                <\/td>\n                            <\/tr>\n                        <\/table>\n\n\n\n\n\n                                <\/div>\n    <\/div>\n<\/div>\n\n\n\n\n<div class=\"anchor\">\n    <div id=\"kontakt\"><\/div>\n<\/div>\n\n<div class=\"block-contact-black\" style=\"background-image: url('https:\/\/baltinvest.pl\/la-vie-art\/wp-content\/uploads\/2025\/02\/footer_bg2.webp');\" id=\"kontakt\">\n    <div class=\"form aosScroll100\">\n        <img decoding=\"async\" class=\"iconContact\" src=\"https:\/\/baltinvest.pl\/la-vie-art\/wp-content\/themes\/iam\/src\/images\/icon_contact.svg\" alt=\"Icon Contact\">\n        <h2>Um\u00f3w si\u0119 <span>na&nbsp;spotkanie<\/span><\/h2>\n                        <div class=\"cf7\">\n\n<div class=\"wpcf7 no-js\" id=\"wpcf7-f628-o1\" lang=\"pl-PL\" dir=\"ltr\" data-wpcf7-id=\"628\">\n<div class=\"screen-reader-response\"><p role=\"status\" aria-live=\"polite\" aria-atomic=\"true\"><\/p> <ul><\/ul><\/div>\n<form action=\"\/la-vie-art\/wp-json\/wp\/v2\/pages\/991#wpcf7-f628-o1\" method=\"post\" class=\"wpcf7-form init wpcf7-acceptance-as-validation\" aria-label=\"Formularz kontaktowy\" novalidate=\"novalidate\" data-status=\"init\">\n<fieldset class=\"hidden-fields-container\"><input type=\"hidden\" name=\"_wpcf7\" value=\"628\" \/><input type=\"hidden\" name=\"_wpcf7_version\" value=\"6.1.5\" \/><input type=\"hidden\" name=\"_wpcf7_locale\" value=\"pl_PL\" \/><input type=\"hidden\" name=\"_wpcf7_unit_tag\" value=\"wpcf7-f628-o1\" \/><input type=\"hidden\" name=\"_wpcf7_container_post\" value=\"0\" \/><input type=\"hidden\" name=\"_wpcf7_posted_data_hash\" value=\"\" \/><input type=\"hidden\" name=\"_wpcf7_recaptcha_response\" value=\"\" \/>\n<\/fieldset>\n<div class=\"uacf7-form-wrapper-container uacf7-form-628  \"><div class=\"inputsUp\">\n<div class=\"inputUp\"><span class=\"wpcf7-form-control-wrap\" data-name=\"your-name2\"><input size=\"40\" maxlength=\"400\" class=\"wpcf7-form-control wpcf7-text wpcf7-validates-as-required\" aria-required=\"true\" aria-invalid=\"false\" placeholder=\"Imi\u0119 i&nbsp;nazwisko\" value=\"\" type=\"text\" name=\"your-name2\" \/><\/span><\/div>\n<div class=\"inputUp\"><span class=\"wpcf7-form-control-wrap\" data-name=\"your-email2\"><input size=\"40\" maxlength=\"400\" class=\"wpcf7-form-control wpcf7-email wpcf7-validates-as-required wpcf7-text wpcf7-validates-as-email\" aria-required=\"true\" aria-invalid=\"false\" placeholder=\"E-mail\" value=\"\" type=\"email\" name=\"your-email2\" \/><\/span><\/div>\n<div class=\"inputUp\"><span class=\"wpcf7-form-control-wrap\" data-name=\"your-tel2\"><input size=\"40\" maxlength=\"400\" class=\"wpcf7-form-control wpcf7-tel wpcf7-validates-as-required wpcf7-text wpcf7-validates-as-tel\" aria-required=\"true\" aria-invalid=\"false\" placeholder=\"Telefon\" value=\"\" type=\"tel\" name=\"your-tel2\" \/><\/span><\/div>\n<\/div>\n<div class=\"inputDown\"><span class=\"wpcf7-form-control-wrap\" data-name=\"your-text2\"><input size=\"40\" maxlength=\"400\" class=\"wpcf7-form-control wpcf7-text wpcf7-validates-as-required\" aria-required=\"true\" aria-invalid=\"false\" placeholder=\"Wpisz wiadomo\u015b\u0107...\" value=\"\" type=\"text\" name=\"your-text2\" \/><\/span><\/div>\n\n<div class=\"accept\">\n<span class=\"wpcf7-form-control-wrap\" data-name=\"your-consent1\"><span class=\"wpcf7-form-control wpcf7-acceptance\"><span class=\"wpcf7-list-item\"><label><input type=\"checkbox\" name=\"your-consent1\" value=\"1\" aria-invalid=\"false\" \/><span class=\"wpcf7-list-item-label\">O\u015bwiadczam, \u017ce&nbsp;zapozna\u0142em si\u0119 z&nbsp;<a href=\"\/la-vie-art\/polityka\" target=\"_blank\">Polityk\u0105 prywatno\u015bci<\/a>.<\/span><\/label><\/span><\/span><\/span>\n<\/div>\n\n<div class=\"accept\">\n<span class=\"wpcf7-form-control-wrap\" data-name=\"your-consent2\"><span class=\"wpcf7-form-control wpcf7-acceptance\"><span class=\"wpcf7-list-item\"><label><input type=\"checkbox\" name=\"your-consent2\" value=\"1\" aria-invalid=\"false\" \/><span class=\"wpcf7-list-item-label\">Wyra\u017cam zgod\u0119 na&nbsp;u\u017cywanie przez&nbsp;AQUILA Development Sp. z&nbsp;o.o. telekomunikacyjnych urz\u0105dze\u0144 ko\u0144cowych, kt\u00f3rych jestem u\u017cytkownikiem, dla&nbsp;cel\u00f3w przesy\u0142ania informacji handlowej, w&nbsp;tym marketingu bezpo\u015bredniego zgodnie z&nbsp;art. 398 ustawy z&nbsp;dnia 12 lipca 2024 r. &#8211; Prawo komunikacji elektronicznej (Dz.U. 2024 poz. 1221). W imieniu AQUILA Development Sp. z&nbsp;o.o. i&nbsp;na jej zlecenie, dzia\u0142ania marketingowe i&nbsp;sprzeda\u017cowe prowadzi\u0107 b\u0119dzie Balt Invest Sp. z&nbsp;o.o.\nJe\u017celi chcesz zapozna\u0107 si\u0119 z&nbsp;tre\u015bci\u0105 informacji o&nbsp;przetwarzaniu danych osobowych <a href=\"\/la-vie-art\/rodo\" target=\"_blank\">kliknij w&nbsp;ten link<\/a>.<\/span><\/label><\/span><\/span><\/span>\n<\/div>\n\n<div id=\"btnPrimary\">\n<input class=\"wpcf7-form-control wpcf7-submit has-spinner\" type=\"submit\" value=\"Um\u00f3w si\u0119 na&nbsp;spotkanie\" \/>\n<\/div><\/div><input type='hidden' class='wpcf7-pum' value='{\"closepopup\":false,\"closedelay\":0,\"openpopup\":false,\"openpopup_id\":0}' \/><div class=\"wpcf7-response-output\" aria-hidden=\"true\"><\/div>\n<\/form>\n<\/div>\n        <\/div>\n    <\/div>\n<\/div>","protected":false},"excerpt":{"rendered":"","protected":false},"author":3,"featured_media":0,"parent":0,"menu_order":0,"comment_status":"closed","ping_status":"closed","template":"","meta":{"inline_featured_image":false,"footnotes":""},"class_list":["post-991","page","type-page","status-publish","hentry"],"acf":[],"_links":{"self":[{"href":"https:\/\/baltinvest.pl\/la-vie-art\/wp-json\/wp\/v2\/pages\/991","targetHints":{"allow":["GET"]}}],"collection":[{"href":"https:\/\/baltinvest.pl\/la-vie-art\/wp-json\/wp\/v2\/pages"}],"about":[{"href":"https:\/\/baltinvest.pl\/la-vie-art\/wp-json\/wp\/v2\/types\/page"}],"author":[{"embeddable":true,"href":"https:\/\/baltinvest.pl\/la-vie-art\/wp-json\/wp\/v2\/users\/3"}],"replies":[{"embeddable":true,"href":"https:\/\/baltinvest.pl\/la-vie-art\/wp-json\/wp\/v2\/comments?post=991"}],"version-history":[{"count":0,"href":"https:\/\/baltinvest.pl\/la-vie-art\/wp-json\/wp\/v2\/pages\/991\/revisions"}],"wp:attachment":[{"href":"https:\/\/baltinvest.pl\/la-vie-art\/wp-json\/wp\/v2\/media?parent=991"}],"curies":[{"name":"wp","href":"https:\/\/api.w.org\/{rel}","templated":true}]}}