{"id":31,"date":"2024-11-16T19:12:54","date_gmt":"2024-11-16T18:12:54","guid":{"rendered":"http:\/\/localhost\/matryca\/premium\/?page_id=31"},"modified":"2025-02-26T10:29:36","modified_gmt":"2025-02-26T09:29:36","slug":"lokalizacja","status":"publish","type":"page","link":"https:\/\/baltinvest.pl\/la-vie-art\/lokalizacja\/","title":{"rendered":"Lokalizacja"},"content":{"rendered":"    <style>\n        .block-textColumns {\n            background: #f8f3ea;\n        }\n    <\/style>\n        <style>\n        .block-textColumns, p.txt {\n            color: #0e2a2a;\n        }\n    <\/style>\n    \n<div class=\"block-textColumns \" id=\"aboutDev\">\n    <div class=\"container\">\n        <div class=\"wrapTextColumns\">\n                                <h2 data-aos=\"fade-up\">Elegancja i&nbsp;presti\u017c w&nbsp;sercu \u0141odzi<\/h2>\n                                <div class=\"row\">\n                <div class=\"col-lg-6 textCol\">\n                                        <p class=\"txt\" data-aos=\"fade-up\">Opowiemy Ci o&nbsp;miejscu, kt\u00f3re mo\u017ce sta\u0107 si\u0119 Twoim nowym domem \u2013 miejscu, gdzie elegancja i&nbsp;presti\u017c stanowi\u0105 sp\u00f3jn\u0105 ca\u0142o\u015b\u0107 z&nbsp;rytmem miasta. Inwestycja La Vie Art usytuowana jest przy&nbsp;skrzy\u017cowaniu ulic 6 Sierpnia i&nbsp;W\u00f3lcza\u0144skiej. To tu, w&nbsp;samym sercu \u0141odzi, codzienne \u017cycie staje si\u0119 przyjemno\u015bci\u0105, b\u0119d\u0105c Twoj\u0105 oaz\u0105 spokoju i&nbsp;harmonii, z&nbsp;bliskim dost\u0119pem do&nbsp;wydarze\u0144 kulturalnych i&nbsp;rozrywki. Ka\u017cdy dzie\u0144 to nowa okazja do&nbsp;czerpania z&nbsp;tego, co najlepsze w&nbsp;mie\u015bcie \u2013 od artystycznych wydarze\u0144 po&nbsp;relaks w&nbsp;otoczeniu zieleni.<\/p>\n                <\/div>\n                <div class=\"col-lg-6 textCol\">\n                                        <p class=\"txt\" data-aos=\"fade-up\">Blisko\u015b\u0107 szk\u00f3\u0142, przedszkoli, plac\u00f3wek medycznych, sklep\u00f3w i&nbsp;restauracji sprawia, \u017ce&nbsp;La Vie Art spe\u0142nia kryteria idealnego miejsca do&nbsp;\u017cycia \u2013 tu wsz\u0119dzie jest blisko. Zaledwie kilka krok\u00f3w dzieli Ci\u0119 od wszystkiego, czego potrzebujesz na&nbsp;co dzie\u0144 \u2013 zakupy, us\u0142ugi, edukacja czy&nbsp;opieka zdrowotna, wszystko w&nbsp;zasi\u0119gu r\u0119ki.\r\n<br\/><br\/><br\/><br\/><\/p>\n                <\/div>\n            <\/div>\n                    <\/div>\n    <\/div>\n<\/div>\n\n\n\n\n<div class=\"block-snazzy\">\n    <div class=\"snazzyFilter\"><\/div>\n    <iframe src=\"https:\/\/snazzymaps.com\/embed\/686221\" width=\"100%\" height=\"100%\" style=\"border:none;\"><\/iframe>\n<\/div>\n\n\n<div class=\"block-gallery-light \">\n    <div class=\"wrapGallery\">\n        \n        <div id=\"owl-gallery2\" class=\"owl-carousel owl-theme\">\n                                    <div class=\"item\">\n                            <p class=\"itemTitle\" data-aos=\"fade-up\"><span>Legendarne ulice<\/span><br\/>i&nbsp;wyj\u0105tkowa architektura <\/p>\n                            <img decoding=\"async\" data-aos=\"zoom-in\" src=\"https:\/\/baltinvest.pl\/la-vie-art\/wp-content\/uploads\/2025\/02\/shutterstock_2352477627.webp\" alt=\"Gallery Image\">\n                            <div class=\"itemDesc\" data-aos=\"zoom-in\">W pobli\u017cu inwestycji znajduje si\u0119 ulica Piotrkowska \u2013 jedna z&nbsp;najbardziej znanych ulic, b\u0119d\u0105ca najd\u0142u\u017cszym deptakiem w&nbsp;kraju. To miejsce, kt\u00f3re nieustannie t\u0119tni \u017cyciem, oferuj\u0105c niezliczon\u0105 ilo\u015b\u0107 restauracji, sklep\u00f3w, kawiarni oraz&nbsp;klub\u00f3w muzycznych. Urokliwe kamienice przy&nbsp;ulicy stanowi\u0105 wizyt\u00f3wk\u0119 miasta, a&nbsp;odbywaj\u0105ce si\u0119 tu festiwale nadaj\u0105 jej niepowtarzalny charakter. \r\n<br\/><br\/>\r\nKawa\u0142ek dalej &#8211; Manufaktura \u0141\u00f3dzka, niegdy\u015b centrum przemys\u0142owe, a&nbsp;obecnie miejsce pe\u0142ni\u0105ce funkcj\u0119 centrum rozrywki, kultury i&nbsp;sztuki. Zachwyca imponuj\u0105c\u0105 architektur\u0105 i&nbsp;szerok\u0105 ofert\u0105 kulturaln\u0105, od wystaw po&nbsp;koncerty.  <\/div>\n                        <\/div>\n                                                <div class=\"item\">\n                            <p class=\"itemTitle\" data-aos=\"fade-up\"><span>Kultura<\/span><br\/>na&nbsp;wyci\u0105gni\u0119cie r\u0119ki <\/p>\n                            <img decoding=\"async\" data-aos=\"zoom-in\" src=\"https:\/\/baltinvest.pl\/la-vie-art\/wp-content\/uploads\/2025\/02\/shutterstock_2566052379.webp\" alt=\"Gallery Image\">\n                            <div class=\"itemDesc\" data-aos=\"zoom-in\">\u0141\u00f3d\u017a to tak\u017ce miasto, kt\u00f3re kulturalnie \u017cyje pe\u0142ni\u0105 \u017cycia. W pobli\u017cu znajdziesz nie tylko liczne butiki i&nbsp;restauracje, ale&nbsp;tak\u017ce miejsca, kt\u00f3re s\u0105 esencj\u0105 artystycznego ducha miasta. Teatry, filharmonia, galerie sztuki i&nbsp;kina \u2013 to tylko niekt\u00f3re z&nbsp;kulturalnych atrakcji, kt\u00f3re oferuje miasto. Ka\u017cdy dzie\u0144 w&nbsp;\u0141odzi to nowe do\u015bwiadczenia artystyczne, kt\u00f3re czekaj\u0105 na&nbsp;Ciebie na&nbsp;ka\u017cdym kroku. Mieszkanie w&nbsp;tej okolicy to szansa na&nbsp;sta\u0142y kontakt z&nbsp;tym, co najlepsze w&nbsp;polskiej kulturze \u2013 od teatr\u00f3w po&nbsp;wystawy i&nbsp;koncerty, kt\u00f3re pozwalaj\u0105 \u017cy\u0107 w&nbsp;rytmie miasta.<\/div>\n                        <\/div>\n                                                <div class=\"item\">\n                            <p class=\"itemTitle\" data-aos=\"fade-up\"><span>Gdzie natura wkracza<\/span><br\/>w&nbsp;miejsk\u0105 codzienno\u015b\u0107 <\/p>\n                            <img decoding=\"async\" data-aos=\"zoom-in\" src=\"https:\/\/baltinvest.pl\/la-vie-art\/wp-content\/uploads\/2025\/02\/shutterstock_2373010337-1.webp\" alt=\"Gallery Image\">\n                            <div class=\"itemDesc\" data-aos=\"zoom-in\">Okolica La Vie Art zapewnia tak\u017ce mo\u017cliwo\u015b\u0107 znalezienia oddechu na&nbsp;\u0142onie natury. Nieopodal znajduje si\u0119 wiele park\u00f3w, m.in. Park Pi\u0142sudskiego &#8211; najwi\u0119kszy park w&nbsp;\u0141odzi, kt\u00f3ry jest idealnym miejscem na&nbsp;sp\u0119dzenie rodzinnego czasu w&nbsp;mie\u015bcie. Spaceruj\u0105c zielonymi alejkami, mo\u017cna poczu\u0107 si\u0119 jak w&nbsp;oazie spokoju, a&nbsp;liczne \u015bcie\u017cki biegowe, rowerowe oraz&nbsp;place zabaw zapewni\u0105 aktywno\u015b\u0107 przez&nbsp;ca\u0142y rok. W pobli\u017cu znajduje si\u0119 tak\u017ce Orientarium Zoo \u0141\u00f3d\u017a, Ogr\u00f3d Botaniczny oraz&nbsp;Aquapark Fala, kt\u00f3re stanowi\u0105 dodatkowe atrakcje w&nbsp;okolicy. To miejsce, gdzie z&nbsp;\u0142atwo\u015bci\u0105 mo\u017cna po\u0142\u0105czy\u0107 miejskie \u017cycie z&nbsp;blisko\u015bci\u0105 natury. <\/div>\n                        <\/div>\n                                <\/div>\n        <script>\n            siteUrl = \"https:\/\/baltinvest.pl\/la-vie-art\/\";\n            $('#owl-gallery2').owlCarousel({\n                animateOut: \"fadeOut\",\n                loop: true,\n                dots: false,\n                margin: 40,\n                nav: true,\n                items: 1,\n                autoplay: false,\n                autoPlaySpeed: 1000,\n                autoPlayTimeout: 1000,\n                autoplayHoverPause: false,\n                navText: [\n                    `<img class=\"img-fluid\" src='${siteUrl}\/wp-content\/themes\/iam\/src\/images\/leftDark.svg' alt=\"arrow\">`,\n                    `<img class=\"img-fluid\" src='${siteUrl}\/wp-content\/themes\/iam\/src\/images\/rightDark.svg' alt=\"arrow\">`,\n                ],\n            });\n        <\/script>\n\n    <\/div>\n<\/div>\n\n\n\n<div class=\"anchor\">\n    <div id=\"kontakt\"><\/div>\n<\/div>\n\n<div class=\"block-contact-black\" style=\"background-image: url('https:\/\/baltinvest.pl\/la-vie-art\/wp-content\/uploads\/2025\/02\/footer_bg2.webp');\" id=\"kontakt\">\n    <div class=\"form aosScroll100\">\n        <img decoding=\"async\" class=\"iconContact\" src=\"https:\/\/baltinvest.pl\/la-vie-art\/wp-content\/themes\/iam\/src\/images\/icon_contact.svg\" alt=\"Icon Contact\">\n        <h2>Um\u00f3w si\u0119 <span>na&nbsp;spotkanie<\/span><\/h2>\n                        <div class=\"cf7\">\n\n<div class=\"wpcf7 no-js\" id=\"wpcf7-f628-o1\" lang=\"pl-PL\" dir=\"ltr\" data-wpcf7-id=\"628\">\n<div class=\"screen-reader-response\"><p role=\"status\" aria-live=\"polite\" aria-atomic=\"true\"><\/p> <ul><\/ul><\/div>\n<form action=\"\/la-vie-art\/wp-json\/wp\/v2\/pages\/31#wpcf7-f628-o1\" method=\"post\" class=\"wpcf7-form init wpcf7-acceptance-as-validation\" aria-label=\"Formularz kontaktowy\" novalidate=\"novalidate\" data-status=\"init\">\n<fieldset class=\"hidden-fields-container\"><input type=\"hidden\" name=\"_wpcf7\" value=\"628\" \/><input type=\"hidden\" name=\"_wpcf7_version\" value=\"6.1.5\" \/><input type=\"hidden\" name=\"_wpcf7_locale\" value=\"pl_PL\" \/><input type=\"hidden\" name=\"_wpcf7_unit_tag\" value=\"wpcf7-f628-o1\" \/><input type=\"hidden\" name=\"_wpcf7_container_post\" value=\"0\" \/><input type=\"hidden\" name=\"_wpcf7_posted_data_hash\" value=\"\" \/><input type=\"hidden\" name=\"_wpcf7_recaptcha_response\" value=\"\" \/>\n<\/fieldset>\n<div class=\"uacf7-form-wrapper-container uacf7-form-628  \"><div class=\"inputsUp\">\n<div class=\"inputUp\"><span class=\"wpcf7-form-control-wrap\" data-name=\"your-name2\"><input size=\"40\" maxlength=\"400\" class=\"wpcf7-form-control wpcf7-text wpcf7-validates-as-required\" aria-required=\"true\" aria-invalid=\"false\" placeholder=\"Imi\u0119 i&nbsp;nazwisko\" value=\"\" type=\"text\" name=\"your-name2\" \/><\/span><\/div>\n<div class=\"inputUp\"><span class=\"wpcf7-form-control-wrap\" data-name=\"your-email2\"><input size=\"40\" maxlength=\"400\" class=\"wpcf7-form-control wpcf7-email wpcf7-validates-as-required wpcf7-text wpcf7-validates-as-email\" aria-required=\"true\" aria-invalid=\"false\" placeholder=\"E-mail\" value=\"\" type=\"email\" name=\"your-email2\" \/><\/span><\/div>\n<div class=\"inputUp\"><span class=\"wpcf7-form-control-wrap\" data-name=\"your-tel2\"><input size=\"40\" maxlength=\"400\" class=\"wpcf7-form-control wpcf7-tel wpcf7-validates-as-required wpcf7-text wpcf7-validates-as-tel\" aria-required=\"true\" aria-invalid=\"false\" placeholder=\"Telefon\" value=\"\" type=\"tel\" name=\"your-tel2\" \/><\/span><\/div>\n<\/div>\n<div class=\"inputDown\"><span class=\"wpcf7-form-control-wrap\" data-name=\"your-text2\"><input size=\"40\" maxlength=\"400\" class=\"wpcf7-form-control wpcf7-text wpcf7-validates-as-required\" aria-required=\"true\" aria-invalid=\"false\" placeholder=\"Wpisz wiadomo\u015b\u0107...\" value=\"\" type=\"text\" name=\"your-text2\" \/><\/span><\/div>\n\n<div class=\"accept\">\n<span class=\"wpcf7-form-control-wrap\" data-name=\"your-consent1\"><span class=\"wpcf7-form-control wpcf7-acceptance\"><span class=\"wpcf7-list-item\"><label><input type=\"checkbox\" name=\"your-consent1\" value=\"1\" aria-invalid=\"false\" \/><span class=\"wpcf7-list-item-label\">O\u015bwiadczam, \u017ce&nbsp;zapozna\u0142em si\u0119 z&nbsp;<a href=\"\/la-vie-art\/polityka\" target=\"_blank\">Polityk\u0105 prywatno\u015bci<\/a>.<\/span><\/label><\/span><\/span><\/span>\n<\/div>\n\n<div class=\"accept\">\n<span class=\"wpcf7-form-control-wrap\" data-name=\"your-consent2\"><span class=\"wpcf7-form-control wpcf7-acceptance\"><span class=\"wpcf7-list-item\"><label><input type=\"checkbox\" name=\"your-consent2\" value=\"1\" aria-invalid=\"false\" \/><span class=\"wpcf7-list-item-label\">Wyra\u017cam zgod\u0119 na&nbsp;u\u017cywanie przez&nbsp;AQUILA Development Sp. z&nbsp;o.o. telekomunikacyjnych urz\u0105dze\u0144 ko\u0144cowych, kt\u00f3rych jestem u\u017cytkownikiem, dla&nbsp;cel\u00f3w przesy\u0142ania informacji handlowej, w&nbsp;tym marketingu bezpo\u015bredniego zgodnie z&nbsp;art. 398 ustawy z&nbsp;dnia 12 lipca 2024 r. &#8211; Prawo komunikacji elektronicznej (Dz.U. 2024 poz. 1221). W imieniu AQUILA Development Sp. z&nbsp;o.o. i&nbsp;na jej zlecenie, dzia\u0142ania marketingowe i&nbsp;sprzeda\u017cowe prowadzi\u0107 b\u0119dzie Balt Invest Sp. z&nbsp;o.o.\nJe\u017celi chcesz zapozna\u0107 si\u0119 z&nbsp;tre\u015bci\u0105 informacji o&nbsp;przetwarzaniu danych osobowych <a href=\"\/la-vie-art\/rodo\" target=\"_blank\">kliknij w&nbsp;ten link<\/a>.<\/span><\/label><\/span><\/span><\/span>\n<\/div>\n\n<div id=\"btnPrimary\">\n<input class=\"wpcf7-form-control wpcf7-submit has-spinner\" type=\"submit\" value=\"Um\u00f3w si\u0119 na&nbsp;spotkanie\" \/>\n<\/div><\/div><input type='hidden' class='wpcf7-pum' value='{\"closepopup\":false,\"closedelay\":0,\"openpopup\":false,\"openpopup_id\":0}' \/><div class=\"wpcf7-response-output\" aria-hidden=\"true\"><\/div>\n<\/form>\n<\/div>\n        <\/div>\n    <\/div>\n<\/div>","protected":false},"excerpt":{"rendered":"","protected":false},"author":3,"featured_media":0,"parent":0,"menu_order":0,"comment_status":"closed","ping_status":"closed","template":"","meta":{"inline_featured_image":false,"footnotes":""},"class_list":["post-31","page","type-page","status-publish","hentry"],"acf":[],"_links":{"self":[{"href":"https:\/\/baltinvest.pl\/la-vie-art\/wp-json\/wp\/v2\/pages\/31","targetHints":{"allow":["GET"]}}],"collection":[{"href":"https:\/\/baltinvest.pl\/la-vie-art\/wp-json\/wp\/v2\/pages"}],"about":[{"href":"https:\/\/baltinvest.pl\/la-vie-art\/wp-json\/wp\/v2\/types\/page"}],"author":[{"embeddable":true,"href":"https:\/\/baltinvest.pl\/la-vie-art\/wp-json\/wp\/v2\/users\/3"}],"replies":[{"embeddable":true,"href":"https:\/\/baltinvest.pl\/la-vie-art\/wp-json\/wp\/v2\/comments?post=31"}],"version-history":[{"count":1,"href":"https:\/\/baltinvest.pl\/la-vie-art\/wp-json\/wp\/v2\/pages\/31\/revisions"}],"predecessor-version":[{"id":1391,"href":"https:\/\/baltinvest.pl\/la-vie-art\/wp-json\/wp\/v2\/pages\/31\/revisions\/1391"}],"wp:attachment":[{"href":"https:\/\/baltinvest.pl\/la-vie-art\/wp-json\/wp\/v2\/media?parent=31"}],"curies":[{"name":"wp","href":"https:\/\/api.w.org\/{rel}","templated":true}]}}