{"id":1249,"date":"2025-07-22T15:26:44","date_gmt":"2025-07-22T13:26:44","guid":{"rendered":"https:\/\/baltinvest.pl\/la-vie-art\/?page_id=1249"},"modified":"2025-07-23T08:48:12","modified_gmt":"2025-07-23T06:48:12","slug":"katalog-inwestycji","status":"publish","type":"page","link":"https:\/\/baltinvest.pl\/la-vie-art\/katalog-inwestycji\/","title":{"rendered":"Katalog inwestycji"},"content":{"rendered":"\n<div class=\"_df_book df-lite\" id=\"df_1245\"  _slug=\"1245\" data-title=\"katalog-online\" wpoptions=\"true\" thumbtype=\"\" ><\/div><script class=\"df-shortcode-script\" nowprocket type=\"application\/javascript\">window.option_df_1245 = {\"outline\":[],\"backgroundColor\":\"#F8F3EA\",\"autoEnableOutline\":\"false\",\"autoEnableThumbnail\":\"false\",\"overwritePDFOutline\":\"false\",\"direction\":\"1\",\"pageSize\":\"0\",\"source\":\"https:\\\/\\\/baltinvest.pl\\\/la-vie-art\\\/wp-content\\\/uploads\\\/2025\\\/07\\\/katalog_10072025_ONLINE_AKTUALNY_strony_skompresowany.pdf\",\"wpOptions\":\"true\"}; if(window.DFLIP && window.DFLIP.parseBooks){window.DFLIP.parseBooks();}<\/script>\n\n\n\n<div class=\"anchor\">\n    <div id=\"kontakt\"><\/div>\n<\/div>\n\n<div class=\"block-contact-black\" style=\"background-image: url('https:\/\/baltinvest.pl\/la-vie-art\/wp-content\/uploads\/2025\/02\/footer_bg2.webp');\" id=\"kontakt\">\n    <div class=\"form aosScroll100\">\n        <img decoding=\"async\" class=\"iconContact\" src=\"https:\/\/baltinvest.pl\/la-vie-art\/wp-content\/themes\/iam\/src\/images\/icon_contact.svg\" alt=\"Icon Contact\">\n        <h2>Um\u00f3w si\u0119 <span>na&nbsp;spotkanie<\/span><\/h2>\n                        <div class=\"cf7\">\n\n<div class=\"wpcf7 no-js\" id=\"wpcf7-f628-o1\" lang=\"pl-PL\" dir=\"ltr\" data-wpcf7-id=\"628\">\n<div class=\"screen-reader-response\"><p role=\"status\" aria-live=\"polite\" aria-atomic=\"true\"><\/p> <ul><\/ul><\/div>\n<form action=\"\/la-vie-art\/wp-json\/wp\/v2\/pages\/1249#wpcf7-f628-o1\" method=\"post\" class=\"wpcf7-form init wpcf7-acceptance-as-validation\" aria-label=\"Formularz kontaktowy\" novalidate=\"novalidate\" data-status=\"init\">\n<fieldset class=\"hidden-fields-container\"><input type=\"hidden\" name=\"_wpcf7\" value=\"628\" \/><input type=\"hidden\" name=\"_wpcf7_version\" value=\"6.1.5\" \/><input type=\"hidden\" name=\"_wpcf7_locale\" value=\"pl_PL\" \/><input type=\"hidden\" name=\"_wpcf7_unit_tag\" value=\"wpcf7-f628-o1\" \/><input type=\"hidden\" name=\"_wpcf7_container_post\" value=\"0\" \/><input type=\"hidden\" name=\"_wpcf7_posted_data_hash\" value=\"\" \/><input type=\"hidden\" name=\"_wpcf7_recaptcha_response\" value=\"\" \/>\n<\/fieldset>\n<div class=\"uacf7-form-wrapper-container uacf7-form-628  \"><div class=\"inputsUp\">\n<div class=\"inputUp\"><span class=\"wpcf7-form-control-wrap\" data-name=\"your-name2\"><input size=\"40\" maxlength=\"400\" class=\"wpcf7-form-control wpcf7-text wpcf7-validates-as-required\" aria-required=\"true\" aria-invalid=\"false\" placeholder=\"Imi\u0119 i&nbsp;nazwisko\" value=\"\" type=\"text\" name=\"your-name2\" \/><\/span><\/div>\n<div class=\"inputUp\"><span class=\"wpcf7-form-control-wrap\" data-name=\"your-email2\"><input size=\"40\" maxlength=\"400\" class=\"wpcf7-form-control wpcf7-email wpcf7-validates-as-required wpcf7-text wpcf7-validates-as-email\" aria-required=\"true\" aria-invalid=\"false\" placeholder=\"E-mail\" value=\"\" type=\"email\" name=\"your-email2\" \/><\/span><\/div>\n<div class=\"inputUp\"><span class=\"wpcf7-form-control-wrap\" data-name=\"your-tel2\"><input size=\"40\" maxlength=\"400\" class=\"wpcf7-form-control wpcf7-tel wpcf7-validates-as-required wpcf7-text wpcf7-validates-as-tel\" aria-required=\"true\" aria-invalid=\"false\" placeholder=\"Telefon\" value=\"\" type=\"tel\" name=\"your-tel2\" \/><\/span><\/div>\n<\/div>\n<div class=\"inputDown\"><span class=\"wpcf7-form-control-wrap\" data-name=\"your-text2\"><input size=\"40\" maxlength=\"400\" class=\"wpcf7-form-control wpcf7-text wpcf7-validates-as-required\" aria-required=\"true\" aria-invalid=\"false\" placeholder=\"Wpisz wiadomo\u015b\u0107...\" value=\"\" type=\"text\" name=\"your-text2\" \/><\/span><\/div>\n\n<div class=\"accept\">\n<span class=\"wpcf7-form-control-wrap\" data-name=\"your-consent1\"><span class=\"wpcf7-form-control wpcf7-acceptance\"><span class=\"wpcf7-list-item\"><label><input type=\"checkbox\" name=\"your-consent1\" value=\"1\" aria-invalid=\"false\" \/><span class=\"wpcf7-list-item-label\">O\u015bwiadczam, \u017ce&nbsp;zapozna\u0142em si\u0119 z&nbsp;<a href=\"\/la-vie-art\/polityka\" target=\"_blank\">Polityk\u0105 prywatno\u015bci<\/a>.<\/span><\/label><\/span><\/span><\/span>\n<\/div>\n\n<div class=\"accept\">\n<span class=\"wpcf7-form-control-wrap\" data-name=\"your-consent2\"><span class=\"wpcf7-form-control wpcf7-acceptance\"><span class=\"wpcf7-list-item\"><label><input type=\"checkbox\" name=\"your-consent2\" value=\"1\" aria-invalid=\"false\" \/><span class=\"wpcf7-list-item-label\">Wyra\u017cam zgod\u0119 na&nbsp;u\u017cywanie przez&nbsp;AQUILA Development Sp. z&nbsp;o.o. telekomunikacyjnych urz\u0105dze\u0144 ko\u0144cowych, kt\u00f3rych jestem u\u017cytkownikiem, dla&nbsp;cel\u00f3w przesy\u0142ania informacji handlowej, w&nbsp;tym marketingu bezpo\u015bredniego zgodnie z&nbsp;art. 398 ustawy z&nbsp;dnia 12 lipca 2024 r. &#8211; Prawo komunikacji elektronicznej (Dz.U. 2024 poz. 1221). W imieniu AQUILA Development Sp. z&nbsp;o.o. i&nbsp;na jej zlecenie, dzia\u0142ania marketingowe i&nbsp;sprzeda\u017cowe prowadzi\u0107 b\u0119dzie Balt Invest Sp. z&nbsp;o.o.\nJe\u017celi chcesz zapozna\u0107 si\u0119 z&nbsp;tre\u015bci\u0105 informacji o&nbsp;przetwarzaniu danych osobowych <a href=\"\/la-vie-art\/rodo\" target=\"_blank\">kliknij w&nbsp;ten link<\/a>.<\/span><\/label><\/span><\/span><\/span>\n<\/div>\n\n<div id=\"btnPrimary\">\n<input class=\"wpcf7-form-control wpcf7-submit has-spinner\" type=\"submit\" value=\"Um\u00f3w si\u0119 na&nbsp;spotkanie\" \/>\n<\/div><\/div><input type='hidden' class='wpcf7-pum' value='{\"closepopup\":false,\"closedelay\":0,\"openpopup\":false,\"openpopup_id\":0}' \/><div class=\"wpcf7-response-output\" aria-hidden=\"true\"><\/div>\n<\/form>\n<\/div>\n        <\/div>\n    <\/div>\n<\/div>","protected":false},"excerpt":{"rendered":"","protected":false},"author":3,"featured_media":0,"parent":0,"menu_order":0,"comment_status":"closed","ping_status":"closed","template":"","meta":{"inline_featured_image":false,"footnotes":""},"class_list":["post-1249","page","type-page","status-publish","hentry"],"acf":[],"_links":{"self":[{"href":"https:\/\/baltinvest.pl\/la-vie-art\/wp-json\/wp\/v2\/pages\/1249","targetHints":{"allow":["GET"]}}],"collection":[{"href":"https:\/\/baltinvest.pl\/la-vie-art\/wp-json\/wp\/v2\/pages"}],"about":[{"href":"https:\/\/baltinvest.pl\/la-vie-art\/wp-json\/wp\/v2\/types\/page"}],"author":[{"embeddable":true,"href":"https:\/\/baltinvest.pl\/la-vie-art\/wp-json\/wp\/v2\/users\/3"}],"replies":[{"embeddable":true,"href":"https:\/\/baltinvest.pl\/la-vie-art\/wp-json\/wp\/v2\/comments?post=1249"}],"version-history":[{"count":0,"href":"https:\/\/baltinvest.pl\/la-vie-art\/wp-json\/wp\/v2\/pages\/1249\/revisions"}],"wp:attachment":[{"href":"https:\/\/baltinvest.pl\/la-vie-art\/wp-json\/wp\/v2\/media?parent=1249"}],"curies":[{"name":"wp","href":"https:\/\/api.w.org\/{rel}","templated":true}]}}